{"id":940,"date":"2024-09-09T14:13:41","date_gmt":"2024-09-09T14:13:41","guid":{"rendered":"https:\/\/www.smhv.hu\/?page_id=940"},"modified":"2024-09-10T15:05:09","modified_gmt":"2024-09-10T15:05:09","slug":"error-reporting","status":"publish","type":"page","link":"https:\/\/www.smhv.hu\/?page_id=940&lang=en","title":{"rendered":"Error reporting"},"content":{"rendered":"<p>[et_pb_section fb_built=&#8221;1&#8243; admin_label=&#8221;Header&#8221; _builder_version=&#8221;4.27.0&#8243; use_background_color_gradient=&#8221;on&#8221; background_color_gradient_direction=&#8221;136deg&#8221; background_color_gradient_stops=&#8221;rgba(255,255,255,0) 84%|#ffb81c 84%&#8221; background_color_gradient_start=&#8221;rgba(255,255,255,0)&#8221; background_color_gradient_end=&#8221;#ffffff&#8221; background_color_gradient_end_position=&#8221;70%&#8221; background_image=&#8221;https:\/\/www.smhv.hu\/wp-content\/uploads\/2024\/05\/electrician_19.png&#8221; background_position=&#8221;top_right&#8221; custom_padding=&#8221;54px|0px|0|0px|false|false&#8221; global_colors_info=&#8221;{}&#8221;][et_pb_row column_structure=&#8221;1_2,1_2&#8243; module_class=&#8221;koz_cim&#8221; _builder_version=&#8221;4.27.0&#8243; custom_margin=&#8221;|||&#8221; custom_padding=&#8221;|||&#8221; locked=&#8221;off&#8221; global_colors_info=&#8221;{}&#8221;][et_pb_column type=&#8221;1_2&#8243; _builder_version=&#8221;4.16&#8243; custom_padding=&#8221;|||&#8221; global_colors_info=&#8221;{}&#8221; custom_padding__hover=&#8221;|||&#8221;][et_pb_heading title=&#8221;ERROR REPORTING&#8221; _builder_version=&#8221;4.27.0&#8243; _module_preset=&#8221;default&#8221; title_font=&#8221;|600|||||||&#8221; hover_enabled=&#8221;0&#8243; global_colors_info=&#8221;{}&#8221; sticky_enabled=&#8221;0&#8243;][\/et_pb_heading][et_pb_text _builder_version=&#8221;4.27.0&#8243; text_font=&#8221;||||||||&#8221; text_line_height=&#8221;1.8em&#8221; header_font=&#8221;Libre Franklin|600|||||||&#8221; header_font_size=&#8221;60px&#8221; header_line_height=&#8221;1.4em&#8221; custom_margin=&#8221;|-38px||||&#8221; hover_enabled=&#8221;0&#8243; header_font_size_tablet=&#8221;&#8221; header_font_size_phone=&#8221;32px&#8221; header_font_size_last_edited=&#8221;on|phone&#8221; global_colors_info=&#8221;{}&#8221; sticky_enabled=&#8221;0&#8243;]<\/p>\n<h3>ERROR REPORTING THROUGH PHONE<\/h3>\n<p>We take error report at the following phone number:<\/p>\n<p>Phone: <a href=\"tel:+36-72%20538-004\">+36\/72 538-004<\/a><\/p>\n<p>[\/et_pb_text][et_pb_text _builder_version=&#8221;4.27.0&#8243; _module_preset=&#8221;default&#8221; hover_enabled=&#8221;0&#8243; global_colors_info=&#8221;{}&#8221; sticky_enabled=&#8221;0&#8243;]<\/p>\n<h3>ONLINE ERROR REPORTING<\/h3>\n<p>By clicking on the link below, you will be redirected to the KOVIKA:<br \/>Public Lighting Reporting Portal!<br \/><a href=\"https:\/\/kozvilhiba.hu\/hibabejelentes\" target=\"_blank\" rel=\"noopener\">Retail error reporting!<\/a><\/p>\n<p>[\/et_pb_text][\/et_pb_column][et_pb_column type=&#8221;1_2&#8243; _builder_version=&#8221;4.16&#8243; custom_padding=&#8221;|||&#8221; global_colors_info=&#8221;{}&#8221; custom_padding__hover=&#8221;|||&#8221;][et_pb_image src=&#8221;https:\/\/www.smhv.hu\/wp-content\/uploads\/2024\/07\/cable-4605760-scaled.jpg&#8221; _builder_version=&#8221;4.27.0&#8243; _module_preset=&#8221;default&#8221; global_colors_info=&#8221;{}&#8221;][\/et_pb_image][\/et_pb_column][\/et_pb_row][\/et_pb_section]<\/p>\n","protected":false},"excerpt":{"rendered":"<p>ERROR REPORTING THROUGH PHONE We take error report at the following phone number: Phone: +36\/72 538-004ONLINE ERROR REPORTING By clicking on the link below, you will be redirected to the KOVIKA:Public Lighting Reporting Portal!Retail error reporting!<\/p>\n","protected":false},"author":1,"featured_media":0,"parent":0,"menu_order":0,"comment_status":"closed","ping_status":"closed","template":"","meta":{"_et_pb_use_builder":"on","_et_pb_old_content":"[et_pb_section fb_built=\"1\" admin_label=\"Header\" _builder_version=\"4.27.0\" use_background_color_gradient=\"on\" background_color_gradient_direction=\"136deg\" background_color_gradient_stops=\"rgba(255,255,255,0) 84%|#ffb81c 84%\" background_color_gradient_start=\"rgba(255,255,255,0)\" background_color_gradient_end=\"#ffffff\" background_color_gradient_end_position=\"70%\" background_image=\"https:\/\/www.smhv.hu\/wp-content\/uploads\/2024\/05\/electrician_19.png\" background_position=\"top_right\" custom_padding=\"54px|0px|0|0px|false|false\" global_colors_info=\"{}\"][et_pb_row column_structure=\"1_2,1_2\" _builder_version=\"4.27.0\" custom_margin=\"|||\" custom_padding=\"|||\" hover_enabled=\"0\" locked=\"off\" global_colors_info=\"{}\" module_class=\"koz_cim\" sticky_enabled=\"0\"][et_pb_column type=\"1_2\" _builder_version=\"4.16\" custom_padding=\"|||\" global_colors_info=\"{}\" custom_padding__hover=\"|||\"][et_pb_heading title=\"HIBABEJELENT\u00c9S\" _builder_version=\"4.25.2\" _module_preset=\"default\" title_font=\"|600|||||||\" global_colors_info=\"{}\"][\/et_pb_heading][et_pb_text _builder_version=\"4.27.0\" text_font=\"||||||||\" text_line_height=\"1.8em\" header_font=\"Libre Franklin|600|||||||\" header_font_size=\"60px\" header_line_height=\"1.4em\" custom_margin=\"|-38px||||\" header_font_size_tablet=\"\" header_font_size_phone=\"32px\" header_font_size_last_edited=\"on|phone\" global_colors_info=\"{}\"]<h3>TELEFONOS HIBABAJELENT\u0150<\/h3>\n<p>Munkat\u00e1rsunk a k\u00f6vetkez\u0151 telefonsz\u00e1mon tudja fogadni hibabejelent\u00e9s\u00e9t:<\/p>\n<p>Telefon:<span>\u00a0<\/span><a href=\"tel:0672538004\">+36\/72 538-004<\/a><\/p>\n<p>Abban az esetben, ha munkat\u00e1rsunk jelenleg nem el\u00e9rhet\u0151 \u00fczenet\u00e9t r\u00f6gz\u00edtj\u00fck!<br \/>A kapcsolatok szekci\u00f3ban megtal\u00e1lja az aktu\u00e1lis adatv\u00e9delmi t\u00e1j\u00e9koztat\u00f3nkat!<\/p>[\/et_pb_text][et_pb_text _builder_version=\"4.27.0\" _module_preset=\"default\" global_colors_info=\"{}\"]<h3>ONLINE HIBABEJELENT\u0150<\/h3>\n<p>Az al\u00e1bbi linkre kattintva, \u00e1tir\u00e1ny\u00edtjuk a KOVIKA: K\u00f6zvil\u00e1g\u00edt\u00e1s hibabejelent\u0151 port\u00e1l lakoss\u00e1gi hibabajejelent\u0151 oldal\u00e1ra!<\/p>\n<p><a href=\"https:\/\/kozvilhiba.hu\/hibabejelentes\" target=\"_blank\" rel=\"noopener\">Lakoss\u00e1gi hibabejelent\u0151!<\/a><\/p>[\/et_pb_text][\/et_pb_column][et_pb_column type=\"1_2\" _builder_version=\"4.16\" custom_padding=\"|||\" global_colors_info=\"{}\" custom_padding__hover=\"|||\"][et_pb_image src=\"https:\/\/www.smhv.hu\/wp-content\/uploads\/2024\/07\/cable-4605760-scaled.jpg\" _builder_version=\"4.27.0\" _module_preset=\"default\" global_colors_info=\"{}\"][\/et_pb_image][\/et_pb_column][\/et_pb_row][\/et_pb_section]","_et_gb_content_width":"1080","footnotes":""},"class_list":["post-940","page","type-page","status-publish","hentry"],"_links":{"self":[{"href":"https:\/\/www.smhv.hu\/index.php?rest_route=\/wp\/v2\/pages\/940","targetHints":{"allow":["GET"]}}],"collection":[{"href":"https:\/\/www.smhv.hu\/index.php?rest_route=\/wp\/v2\/pages"}],"about":[{"href":"https:\/\/www.smhv.hu\/index.php?rest_route=\/wp\/v2\/types\/page"}],"author":[{"embeddable":true,"href":"https:\/\/www.smhv.hu\/index.php?rest_route=\/wp\/v2\/users\/1"}],"replies":[{"embeddable":true,"href":"https:\/\/www.smhv.hu\/index.php?rest_route=%2Fwp%2Fv2%2Fcomments&post=940"}],"version-history":[{"count":5,"href":"https:\/\/www.smhv.hu\/index.php?rest_route=\/wp\/v2\/pages\/940\/revisions"}],"predecessor-version":[{"id":1091,"href":"https:\/\/www.smhv.hu\/index.php?rest_route=\/wp\/v2\/pages\/940\/revisions\/1091"}],"wp:attachment":[{"href":"https:\/\/www.smhv.hu\/index.php?rest_route=%2Fwp%2Fv2%2Fmedia&parent=940"}],"curies":[{"name":"wp","href":"https:\/\/api.w.org\/{rel}","templated":true}]}}