{"id":914,"date":"2024-09-09T13:56:45","date_gmt":"2024-09-09T13:56:45","guid":{"rendered":"https:\/\/www.smhv.hu\/?page_id=914"},"modified":"2024-09-18T11:58:48","modified_gmt":"2024-09-18T11:58:48","slug":"about-us","status":"publish","type":"page","link":"https:\/\/www.smhv.hu\/?page_id=914&lang=en","title":{"rendered":"About us"},"content":{"rendered":"<p>[et_pb_section fb_built=&#8221;1&#8243; fullwidth=&#8221;on&#8221; admin_label=&#8221;Header&#8221; _builder_version=&#8221;4.25.2&#8243; background_enable_image=&#8221;off&#8221; box_shadow_style=&#8221;preset7&#8243; box_shadow_horizontal=&#8221;0px&#8221; box_shadow_vertical=&#8221;-80px&#8221; box_shadow_color=&#8221;#000000&#8243; global_colors_info=&#8221;{}&#8221;][et_pb_fullwidth_code _builder_version=&#8221;4.27.0&#8243; _module_preset=&#8221;default&#8221; global_colors_info=&#8221;{}&#8221;]<video id=\"landing-video\" autoplay loop muted><!-- [et_pb_line_break_holder] --><source src=\"https:\/\/www.smhv.hu\/wp-content\/uploads\/2024\/07\/SMHV-PV-promo.mp4\" type=\"video\/mp4\"><!-- [et_pb_line_break_holder] --><\/video>[\/et_pb_fullwidth_code][\/et_pb_section][et_pb_section fb_built=&#8221;1&#8243; admin_label=&#8221;Services&#8221; _builder_version=&#8221;4.27.0&#8243; background_color=&#8221;#000000&#8243; use_background_color_gradient=&#8221;on&#8221; background_color_gradient_direction=&#8221;135deg&#8221; background_color_gradient_stops=&#8221;rgba(255,255,255,0) 87%|#ffb81c 87%&#8221; custom_padding=&#8221;54px|0px|0|0px|false|false&#8221; global_colors_info=&#8221;{}&#8221;][et_pb_row _builder_version=&#8221;4.27.0&#8243; width=&#8221;70%&#8221; max_width=&#8221;95%&#8221; global_colors_info=&#8221;{}&#8221;][et_pb_column type=&#8221;4_4&#8243; _builder_version=&#8221;4.16&#8243; custom_padding=&#8221;|||&#8221; global_colors_info=&#8221;{}&#8221; custom_padding__hover=&#8221;|||&#8221;][et_pb_text _builder_version=&#8221;4.27.0&#8243; _module_preset=&#8221;default&#8221; text_text_color=&#8221;#FFFFFF&#8221; text_font_size=&#8221;18px&#8221; global_colors_info=&#8221;{}&#8221;]<\/p>\n<p>Our company was established in <strong>2003<\/strong> as a family business under the name Sim\u00f3 Villamoss\u00e1gi Kft. Initially, we primarily engaged in electrical installation activities, but from 2007, as a stable market player, we have continuously expanded our scope of activities. As a result, both the personnel of the company and its available equipment have increased. The initial site in Nagypall soon became too small, so we temporarily relocated our headquarters to P\u00e9csv\u00e1rad.<\/p>\n<p>In <strong>2014<\/strong>, we moved to our current site, where we now proudly operate with a 1000 m\u00b2 warehouse and a fully renovated three-storey office building with a floor area of 120 m\u00b2. Since <strong>2020<\/strong>, our activities have expanded so much that we now regularly undertake tasks such as installing solar power plants, designing LV\/MV networks and continuously operating and maintaining public lighting in large cities.<\/p>\n<p>\u00a0<strong>Our current main activities include:<\/strong><\/p>\n<p>[\/et_pb_text][\/et_pb_column][\/et_pb_row][et_pb_row column_structure=&#8221;1_3,1_3,1_3&#8243; _builder_version=&#8221;4.27.0&#8243; width=&#8221;70%&#8221; max_width=&#8221;95%&#8221; global_colors_info=&#8221;{}&#8221;][et_pb_column type=&#8221;1_3&#8243; _builder_version=&#8221;4.16&#8243; custom_padding=&#8221;|||&#8221; global_colors_info=&#8221;{}&#8221; custom_padding__hover=&#8221;|||&#8221;][et_pb_blurb title=&#8221;ENERGY TRADING&#8221; use_icon=&#8221;on&#8221; font_icon=&#8221;&#x39;||divi||400&#8243; icon_color=&#8221;#ffb400&#8243; icon_placement=&#8221;left&#8221; _builder_version=&#8221;4.27.0&#8243; _dynamic_attributes=&#8221;link_option_url&#8221; header_font=&#8221;Libre Franklin|600|||||||&#8221; header_line_height=&#8221;1.8em&#8221; body_font=&#8221;||||||||&#8221; body_line_height=&#8221;1.8em&#8221; background_layout=&#8221;dark&#8221; custom_margin=&#8221;|||&#8221; animation=&#8221;off&#8221; link_option_url=&#8221;@ET-DC@eyJkeW5hbWljIjp0cnVlLCJjb250ZW50IjoicG9zdF9saW5rX3VybF9wYWdlIiwic2V0dGluZ3MiOnsicG9zdF9pZCI6IjEwMzMifX0=@&#8221; global_colors_info=&#8221;{}&#8221;][\/et_pb_blurb][\/et_pb_column][et_pb_column type=&#8221;1_3&#8243; _builder_version=&#8221;4.16&#8243; custom_padding=&#8221;|||&#8221; global_colors_info=&#8221;{}&#8221; custom_padding__hover=&#8221;|||&#8221;][et_pb_blurb title=&#8221;DESIGN&#8221; use_icon=&#8221;on&#8221; font_icon=&#8221;&#x39;||divi||400&#8243; icon_color=&#8221;#ffb400&#8243; icon_placement=&#8221;left&#8221; _builder_version=&#8221;4.27.0&#8243; _dynamic_attributes=&#8221;link_option_url&#8221; header_font=&#8221;Libre Franklin|600|||||||&#8221; header_line_height=&#8221;1.8em&#8221; body_font=&#8221;||||||||&#8221; body_line_height=&#8221;1.8em&#8221; background_layout=&#8221;dark&#8221; custom_margin=&#8221;|||&#8221; animation=&#8221;off&#8221; link_option_url=&#8221;@ET-DC@eyJkeW5hbWljIjp0cnVlLCJjb250ZW50IjoicG9zdF9saW5rX3VybF9wYWdlIiwic2V0dGluZ3MiOnsicG9zdF9pZCI6IjEwNDMifX0=@&#8221; locked=&#8221;off&#8221; global_colors_info=&#8221;{}&#8221;][\/et_pb_blurb][\/et_pb_column][et_pb_column type=&#8221;1_3&#8243; _builder_version=&#8221;4.16&#8243; custom_padding=&#8221;|||&#8221; global_colors_info=&#8221;{}&#8221; custom_padding__hover=&#8221;|||&#8221;][et_pb_blurb title=&#8221;ELECTRICAL NETWORK CONSTRUCTION&#8221; use_icon=&#8221;on&#8221; font_icon=&#8221;&#x39;||divi||400&#8243; icon_color=&#8221;#ffb400&#8243; icon_placement=&#8221;left&#8221; _builder_version=&#8221;4.27.0&#8243; _dynamic_attributes=&#8221;link_option_url&#8221; header_font=&#8221;Libre Franklin|600|||||||&#8221; header_line_height=&#8221;1.8em&#8221; body_font=&#8221;||||||||&#8221; body_line_height=&#8221;1.8em&#8221; background_layout=&#8221;dark&#8221; custom_margin=&#8221;|||&#8221; animation=&#8221;off&#8221; link_option_url=&#8221;@ET-DC@eyJkeW5hbWljIjp0cnVlLCJjb250ZW50IjoicG9zdF9saW5rX3VybF9wYWdlIiwic2V0dGluZ3MiOnsicG9zdF9pZCI6IjEwNDgifX0=@&#8221; locked=&#8221;off&#8221; global_colors_info=&#8221;{}&#8221;][\/et_pb_blurb][\/et_pb_column][\/et_pb_row][et_pb_row column_structure=&#8221;1_3,1_3,1_3&#8243; _builder_version=&#8221;4.27.0&#8243; width=&#8221;70%&#8221; max_width=&#8221;95%&#8221; global_colors_info=&#8221;{}&#8221;][et_pb_column type=&#8221;1_3&#8243; _builder_version=&#8221;4.16&#8243; custom_padding=&#8221;|||&#8221; global_colors_info=&#8221;{}&#8221; custom_padding__hover=&#8221;|||&#8221;][et_pb_blurb title=&#8221;PUBLIC LIGHTING MODERNISATION&#8221; use_icon=&#8221;on&#8221; font_icon=&#8221;&#x39;||divi||400&#8243; icon_color=&#8221;#ffb400&#8243; icon_placement=&#8221;left&#8221; _builder_version=&#8221;4.27.0&#8243; _dynamic_attributes=&#8221;link_option_url&#8221; header_font=&#8221;Libre Franklin|600|||||||&#8221; header_line_height=&#8221;1.8em&#8221; body_font=&#8221;||||||||&#8221; body_line_height=&#8221;1.8em&#8221; background_layout=&#8221;dark&#8221; custom_margin=&#8221;|||&#8221; animation=&#8221;off&#8221; link_option_url=&#8221;@ET-DC@eyJkeW5hbWljIjp0cnVlLCJjb250ZW50IjoicG9zdF9saW5rX3VybF9wYWdlIiwic2V0dGluZ3MiOnsicG9zdF9pZCI6IjEwNTcifX0=@&#8221; locked=&#8221;off&#8221; global_colors_info=&#8221;{}&#8221;][\/et_pb_blurb][\/et_pb_column][et_pb_column type=&#8221;1_3&#8243; _builder_version=&#8221;4.16&#8243; custom_padding=&#8221;|||&#8221; global_colors_info=&#8221;{}&#8221; custom_padding__hover=&#8221;|||&#8221;][et_pb_blurb title=&#8221;PUBLIC LIGHTING MAINTENANCE&#8221; use_icon=&#8221;on&#8221; font_icon=&#8221;&#x39;||divi||400&#8243; icon_color=&#8221;#ffb400&#8243; icon_placement=&#8221;left&#8221; _builder_version=&#8221;4.27.0&#8243; _dynamic_attributes=&#8221;link_option_url&#8221; header_font=&#8221;Libre Franklin|600|||||||&#8221; header_line_height=&#8221;1.8em&#8221; body_font=&#8221;||||||||&#8221; body_line_height=&#8221;1.8em&#8221; background_layout=&#8221;dark&#8221; custom_margin=&#8221;|||&#8221; animation=&#8221;off&#8221; link_option_url=&#8221;@ET-DC@eyJkeW5hbWljIjp0cnVlLCJjb250ZW50IjoicG9zdF9saW5rX3VybF9wYWdlIiwic2V0dGluZ3MiOnsicG9zdF9pZCI6IjEwNjIifX0=@&#8221; global_colors_info=&#8221;{}&#8221;][\/et_pb_blurb][\/et_pb_column][et_pb_column type=&#8221;1_3&#8243; _builder_version=&#8221;4.16&#8243; custom_padding=&#8221;|||&#8221; global_colors_info=&#8221;{}&#8221; custom_padding__hover=&#8221;|||&#8221;][et_pb_blurb title=&#8221;SOLAR ENERGY SYSTEMS&#8221; use_icon=&#8221;on&#8221; font_icon=&#8221;&#x39;||divi||400&#8243; icon_color=&#8221;#ffb400&#8243; icon_placement=&#8221;left&#8221; _builder_version=&#8221;4.27.0&#8243; _dynamic_attributes=&#8221;link_option_url&#8221; header_font=&#8221;Libre Franklin|600|||||||&#8221; header_line_height=&#8221;1.8em&#8221; body_font=&#8221;||||||||&#8221; body_line_height=&#8221;1.8em&#8221; background_layout=&#8221;dark&#8221; custom_margin=&#8221;|||&#8221; animation=&#8221;off&#8221; link_option_url=&#8221;@ET-DC@eyJkeW5hbWljIjp0cnVlLCJjb250ZW50IjoicG9zdF9saW5rX3VybF9wYWdlIiwic2V0dGluZ3MiOnsicG9zdF9pZCI6IjEwNTIifX0=@&#8221; global_colors_info=&#8221;{}&#8221;][\/et_pb_blurb][\/et_pb_column][\/et_pb_row][\/et_pb_section]<\/p>\n","protected":false},"excerpt":{"rendered":"<p>Our company was established in 2003 as a family business under the name Sim\u00f3 Villamoss\u00e1gi Kft. Initially, we primarily engaged in electrical installation activities, but from 2007, as a stable market player, we have continuously expanded our scope of activities. As a result, both the personnel of the company and its available equipment have increased. [&hellip;]<\/p>\n","protected":false},"author":1,"featured_media":0,"parent":0,"menu_order":0,"comment_status":"closed","ping_status":"closed","template":"","meta":{"_et_pb_use_builder":"on","_et_pb_old_content":"[et_pb_section fb_built=\"1\" fullwidth=\"on\" admin_label=\"Header\" _builder_version=\"4.25.2\" background_enable_image=\"off\" box_shadow_style=\"preset7\" box_shadow_horizontal=\"0px\" box_shadow_vertical=\"-80px\" box_shadow_color=\"#000000\" global_colors_info=\"{}\"][et_pb_fullwidth_code _builder_version=\"4.27.0\" _module_preset=\"default\" global_colors_info=\"{}\"]<video id=\"landing-video\" autoplay loop muted><!-- [et_pb_line_break_holder] -->  <source src=\"https:\/\/www.smhv.hu\/wp-content\/uploads\/2024\/07\/SMHV-PV-promo.mp4\" type=\"video\/mp4\"><!-- [et_pb_line_break_holder] --><\/video>[\/et_pb_fullwidth_code][\/et_pb_section][et_pb_section fb_built=\"1\" admin_label=\"Services\" _builder_version=\"4.27.0\" background_color=\"#000000\" use_background_color_gradient=\"on\" background_color_gradient_direction=\"135deg\" background_color_gradient_stops=\"rgba(255,255,255,0) 87%|#ffb81c 87%\" custom_padding=\"54px|0px|0|0px|false|false\" global_colors_info=\"{}\"][et_pb_row _builder_version=\"4.27.0\" width=\"70%\" max_width=\"95%\" hover_enabled=\"0\" global_colors_info=\"{}\" sticky_enabled=\"0\"][et_pb_column type=\"4_4\" _builder_version=\"4.16\" custom_padding=\"|||\" global_colors_info=\"{}\" custom_padding__hover=\"|||\"][et_pb_text _builder_version=\"4.27.0\" _module_preset=\"default\" text_text_color=\"#FFFFFF\" text_font_size=\"18px\" global_colors_info=\"{}\"]<p style=\"text-align: justify;\">T\u00e1rsas\u00e1gunk <strong>2003<\/strong>-ban alakult csal\u00e1di v\u00e1llalkoz\u00e1sk\u00e9nt Sim\u00f3 Villamoss\u00e1gi Kft. n\u00e9ven. Ekkor m\u00e9g els\u0151sorban villanyszerel\u00e9si tev\u00e9kenys\u00e9gekkel foglalkoztunk, majd <strong>2007<\/strong>-t\u0151l stabil piaci szerepl\u0151k\u00e9nt elkezdt\u00fck folyamatosan b\u0151v\u00edteni a tev\u00e9kenys\u00e9gi k\u00f6r\u00fcnket. Ennek hat\u00e1s\u00e1ra megn\u00f6vekedett mind a c\u00e9g szem\u00e9lyi \u00e1llom\u00e1nya, mind pedig a rendelkez\u00e9sre \u00e1ll\u00f3 eszk\u00f6zparkja. A kezdeti nagypalli telephely m\u00e1r sz\u0171k\u00f6snek bizonyult, ez\u00e9rt sz\u00e9khely\u00fcnket P\u00e9csv\u00e1radra helyezt\u00fck, \u00e1tmenetileg...<\/p>\n<p style=\"text-align: justify;\"><strong>2014<\/strong>-ben k\u00f6lt\u00f6zt\u00fcnk jelenlegi telephely\u00fcnkre, ahol egy 1000 m2 rakt\u00e1rcsarnokkal \u00e9s egy 120 m2 alapter\u00fclet\u0171, h\u00e1romszintes, teljesen fel\u00faj\u00edtott irodah\u00e1zzal b\u00fcszk\u00e9lkedhet\u00fcnk. <strong>2020<\/strong>-t\u00f3l olyannyira kib\u0151v\u00fclt a tev\u00e9kenys\u00e9g\u00fcnk, hogy m\u00e1ra m\u00e1r PV er\u0151m\u0171vek telep\u00edt\u00e9se, KIF\/K\u00d6F h\u00e1l\u00f3zatok tervez\u00e9se, nagyv\u00e1rosok k\u00f6zvil\u00e1g\u00edt\u00e1s\u00e1nak folyamatos \u00fczemeltet\u00e9se \u00e9s karbantart\u00e1sa is a h\u00e9tk\u00f6znapi megb\u00edzat\u00e1saink r\u00e9sz\u00e9t k\u00e9pezi.<\/p>\n<p style=\"text-align: justify;\"><strong>Jelenlegi f\u0151 tev\u00e9kenys\u00e9gi tev\u00e9kenys\u00e9geink:<\/strong><\/p>[\/et_pb_text][\/et_pb_column][\/et_pb_row][et_pb_row column_structure=\"1_3,1_3,1_3\" _builder_version=\"4.27.0\" width=\"70%\" max_width=\"95%\" hover_enabled=\"0\" global_colors_info=\"{}\" sticky_enabled=\"0\"][et_pb_column type=\"1_3\" _builder_version=\"4.16\" custom_padding=\"|||\" global_colors_info=\"{}\" custom_padding__hover=\"|||\"][et_pb_blurb title=\"ENERGIAKERESKEDELEM\" use_icon=\"on\" font_icon=\"&#x39;||divi||400\" icon_color=\"#ffb400\" icon_placement=\"left\" _builder_version=\"4.27.0\" _dynamic_attributes=\"link_option_url\" header_font=\"Libre Franklin|600|||||||\" header_line_height=\"1.8em\" body_font=\"||||||||\" body_line_height=\"1.8em\" background_layout=\"dark\" custom_margin=\"|||\" animation=\"off\" link_option_url=\"@ET-DC@eyJkeW5hbWljIjp0cnVlLCJjb250ZW50IjoicG9zdF9saW5rX3VybF9wYWdlIiwic2V0dGluZ3MiOnsicG9zdF9pZCI6IjEwMyJ9fQ==@\" global_colors_info=\"{}\"][\/et_pb_blurb][\/et_pb_column][et_pb_column type=\"1_3\" _builder_version=\"4.16\" custom_padding=\"|||\" global_colors_info=\"{}\" custom_padding__hover=\"|||\"][et_pb_blurb title=\"TERVEZ\u00c9S\" use_icon=\"on\" font_icon=\"&#x39;||divi||400\" icon_color=\"#ffb400\" icon_placement=\"left\" _builder_version=\"4.27.0\" _dynamic_attributes=\"link_option_url\" header_font=\"Libre Franklin|600|||||||\" header_line_height=\"1.8em\" body_font=\"||||||||\" body_line_height=\"1.8em\" background_layout=\"dark\" custom_margin=\"|||\" animation=\"off\" link_option_url=\"@ET-DC@eyJkeW5hbWljIjp0cnVlLCJjb250ZW50IjoicG9zdF9saW5rX3VybF9wYWdlIiwic2V0dGluZ3MiOnsicG9zdF9pZCI6IjExNCJ9fQ==@\" locked=\"off\" global_colors_info=\"{}\"][\/et_pb_blurb][\/et_pb_column][et_pb_column type=\"1_3\" _builder_version=\"4.16\" custom_padding=\"|||\" global_colors_info=\"{}\" custom_padding__hover=\"|||\"][et_pb_blurb title=\"VILLAMOS H\u00c1L\u00d3ZAT\u00c9P\u00cdT\u00c9S\" use_icon=\"on\" font_icon=\"&#x39;||divi||400\" icon_color=\"#ffb400\" icon_placement=\"left\" _builder_version=\"4.27.0\" _dynamic_attributes=\"link_option_url\" header_font=\"Libre Franklin|600|||||||\" header_line_height=\"1.8em\" body_font=\"||||||||\" body_line_height=\"1.8em\" background_layout=\"dark\" custom_margin=\"|||\" animation=\"off\" link_option_url=\"@ET-DC@eyJkeW5hbWljIjp0cnVlLCJjb250ZW50IjoicG9zdF9saW5rX3VybF9wYWdlIiwic2V0dGluZ3MiOnsicG9zdF9pZCI6IjEzMiJ9fQ==@\" locked=\"off\" global_colors_info=\"{}\"][\/et_pb_blurb][\/et_pb_column][\/et_pb_row][et_pb_row column_structure=\"1_3,1_3,1_3\" _builder_version=\"4.27.0\" width=\"70%\" max_width=\"95%\" hover_enabled=\"0\" global_colors_info=\"{}\" sticky_enabled=\"0\"][et_pb_column type=\"1_3\" _builder_version=\"4.16\" custom_padding=\"|||\" global_colors_info=\"{}\" custom_padding__hover=\"|||\"][et_pb_blurb title=\"K\u00d6ZVIL\u00c1G\u00cdT\u00c1S KORSZER\u0170S\u00cdT\u00c9S\" use_icon=\"on\" font_icon=\"&#x39;||divi||400\" icon_color=\"#ffb400\" icon_placement=\"left\" _builder_version=\"4.27.0\" _dynamic_attributes=\"link_option_url\" header_font=\"Libre Franklin|600|||||||\" header_line_height=\"1.8em\" body_font=\"||||||||\" body_line_height=\"1.8em\" background_layout=\"dark\" custom_margin=\"|||\" animation=\"off\" link_option_url=\"@ET-DC@eyJkeW5hbWljIjp0cnVlLCJjb250ZW50IjoicG9zdF9saW5rX3VybF9wYWdlIiwic2V0dGluZ3MiOnsicG9zdF9pZCI6IjE4MiJ9fQ==@\" locked=\"off\" global_colors_info=\"{}\"][\/et_pb_blurb][\/et_pb_column][et_pb_column type=\"1_3\" _builder_version=\"4.16\" custom_padding=\"|||\" global_colors_info=\"{}\" custom_padding__hover=\"|||\"][et_pb_blurb title=\"K\u00d6ZVIL\u00c1G\u00cdT\u00c1S KARBANTART\u00c1S\" use_icon=\"on\" font_icon=\"&#x39;||divi||400\" icon_color=\"#ffb400\" icon_placement=\"left\" _builder_version=\"4.27.0\" _dynamic_attributes=\"link_option_url\" header_font=\"Libre Franklin|600|||||||\" header_line_height=\"1.8em\" body_font=\"||||||||\" body_line_height=\"1.8em\" background_layout=\"dark\" custom_margin=\"|||\" animation=\"off\" link_option_url=\"@ET-DC@eyJkeW5hbWljIjp0cnVlLCJjb250ZW50IjoicG9zdF9saW5rX3VybF9wYWdlIiwic2V0dGluZ3MiOnsicG9zdF9pZCI6IjE5MiJ9fQ==@\" global_colors_info=\"{}\"][\/et_pb_blurb][\/et_pb_column][et_pb_column type=\"1_3\" _builder_version=\"4.16\" custom_padding=\"|||\" global_colors_info=\"{}\" custom_padding__hover=\"|||\"][et_pb_blurb title=\"NAPELEMES RENDSZEREK\" use_icon=\"on\" font_icon=\"&#x39;||divi||400\" icon_color=\"#ffb400\" icon_placement=\"left\" _builder_version=\"4.27.0\" _dynamic_attributes=\"link_option_url\" header_font=\"Libre Franklin|600|||||||\" header_line_height=\"1.8em\" body_font=\"||||||||\" body_line_height=\"1.8em\" background_layout=\"dark\" custom_margin=\"|||\" animation=\"off\" link_option_url=\"@ET-DC@eyJkeW5hbWljIjp0cnVlLCJjb250ZW50IjoicG9zdF9saW5rX3VybF9wYWdlIiwic2V0dGluZ3MiOnsicG9zdF9pZCI6IjE1NSJ9fQ==@\" global_colors_info=\"{}\"][\/et_pb_blurb][\/et_pb_column][\/et_pb_row][\/et_pb_section]","_et_gb_content_width":"1080","footnotes":""},"class_list":["post-914","page","type-page","status-publish","hentry"],"_links":{"self":[{"href":"https:\/\/www.smhv.hu\/index.php?rest_route=\/wp\/v2\/pages\/914","targetHints":{"allow":["GET"]}}],"collection":[{"href":"https:\/\/www.smhv.hu\/index.php?rest_route=\/wp\/v2\/pages"}],"about":[{"href":"https:\/\/www.smhv.hu\/index.php?rest_route=\/wp\/v2\/types\/page"}],"author":[{"embeddable":true,"href":"https:\/\/www.smhv.hu\/index.php?rest_route=\/wp\/v2\/users\/1"}],"replies":[{"embeddable":true,"href":"https:\/\/www.smhv.hu\/index.php?rest_route=%2Fwp%2Fv2%2Fcomments&post=914"}],"version-history":[{"count":20,"href":"https:\/\/www.smhv.hu\/index.php?rest_route=\/wp\/v2\/pages\/914\/revisions"}],"predecessor-version":[{"id":1187,"href":"https:\/\/www.smhv.hu\/index.php?rest_route=\/wp\/v2\/pages\/914\/revisions\/1187"}],"wp:attachment":[{"href":"https:\/\/www.smhv.hu\/index.php?rest_route=%2Fwp%2Fv2%2Fmedia&parent=914"}],"curies":[{"name":"wp","href":"https:\/\/api.w.org\/{rel}","templated":true}]}}