{"id":844,"date":"2024-09-09T08:55:39","date_gmt":"2024-09-09T08:55:39","guid":{"rendered":"https:\/\/www.smhv.hu\/?page_id=844"},"modified":"2024-09-12T12:21:06","modified_gmt":"2024-09-12T12:21:06","slug":"modernizacija-javne-rasvjete","status":"publish","type":"page","link":"https:\/\/www.smhv.hu\/?page_id=844&lang=hr","title":{"rendered":"Modernizacija javne rasvjete"},"content":{"rendered":"<p>[et_pb_section fb_built=&#8221;1&#8243; admin_label=&#8221;Get in Touch&#8221; _builder_version=&#8221;4.25.2&#8243; background_image=&#8221;https:\/\/www.smhv.hu\/wp-content\/uploads\/2024\/07\/kozvill.png&#8221; custom_padding=&#8221;53px|0px|54px|0px|false|false&#8221; global_colors_info=&#8221;{}&#8221;][et_pb_row module_class=&#8221;koz_cim&#8221; _builder_version=&#8221;4.27.0&#8243; _module_preset=&#8221;default&#8221; background_color=&#8221;#FFFFFF&#8221; custom_padding=&#8221;20px||0px|20px|false|false&#8221; border_radii=&#8221;off|5px|5px||&#8221; global_colors_info=&#8221;{}&#8221;][et_pb_column type=&#8221;4_4&#8243; _builder_version=&#8221;4.25.2&#8243; _module_preset=&#8221;default&#8221; global_colors_info=&#8221;{}&#8221;][et_pb_text _builder_version=&#8221;4.27.0&#8243; _module_preset=&#8221;default&#8221; text_text_color=&#8221;#666666&#8243; header_text_color=&#8221;#666666&#8243; global_colors_info=&#8221;{}&#8221;]<\/p>\n<h1><strong>Modernizacija javne rasvjete<\/strong><\/h1>\n<p>[\/et_pb_text][\/et_pb_column][\/et_pb_row][et_pb_row column_structure=&#8221;3_5,2_5&#8243; _builder_version=&#8221;4.25.2&#8243; background_color=&#8221;#FFFFFF&#8221; custom_margin=&#8221;0px||0px||true|false&#8221; custom_padding=&#8221;20px|20px|20px|20px|true|true&#8221; global_colors_info=&#8221;{}&#8221;][et_pb_column type=&#8221;3_5&#8243; _builder_version=&#8221;4.16&#8243; custom_padding=&#8221;|||&#8221; global_colors_info=&#8221;{}&#8221; custom_padding__hover=&#8221;|||&#8221;][et_pb_text _builder_version=&#8221;4.27.0&#8243; text_font=&#8221;||||||||&#8221; text_text_color=&#8221;#666666&#8243; text_line_height=&#8221;1.8em&#8221; header_font=&#8221;Libre Franklin|600|||||||&#8221; header_font_size=&#8221;60px&#8221; header_line_height=&#8221;1.4em&#8221; custom_margin=&#8221;0px||0px||true|false&#8221; custom_padding=&#8221;0px||0px||true|false&#8221; hover_enabled=&#8221;0&#8243; header_font_size_tablet=&#8221;&#8221; header_font_size_phone=&#8221;32px&#8221; header_font_size_last_edited=&#8221;on|phone&#8221; global_colors_info=&#8221;{}&#8221; sticky_enabled=&#8221;0&#8243;]<\/p>\n<p style=\"text-align: justify;\">Modernizacija javne rasvjete postala je jasan simbol odr\u017eivosti, svijesti i razvoja diljem svijeta. I u europskim okvirima na\u0161a zemlja prednja\u010di u modernizaciji javne rasvjete. Prilika je o\u010digledna, jer lokalne samouprave mogu ostvariti u\u0161tede do 30-40% nadogradnjom energije javne rasvjete, a pridonose i ugodnijem, modernijem \u017eivotnom okru\u017eenju.<\/p>\n<p style=\"text-align: justify;\">Paralelno s rastom cijena energenata, visoki tro\u0161kovi rada zastarjele rasvjetne opreme dali su do znanja da \u0161tedljivost i ekonomi\u010dnost odlu\u010duju\u0107e utje\u010du na gospodarsku konkurentnost lokalnih samouprava, te je u prvi plan do\u0161ao ideal ugodnijeg, modernijeg \u017eivotnog okru\u017eenja i za stanovni\u0161tvo.<\/p>\n<p>[\/et_pb_text][\/et_pb_column][et_pb_column type=&#8221;2_5&#8243; _builder_version=&#8221;4.16&#8243; custom_padding=&#8221;|||&#8221; global_colors_info=&#8221;{}&#8221; custom_padding__hover=&#8221;|||&#8221;][et_pb_image src=&#8221;https:\/\/www.smhv.hu\/wp-content\/uploads\/2024\/08\/DSC01028_2-1024&#215;683.png&#8221; title_text=&#8221;kozvilagitas-korszerusites&#8221; show_in_lightbox=&#8221;on&#8221; _builder_version=&#8221;4.27.0&#8243; _module_preset=&#8221;default&#8221; custom_padding=&#8221;0px||||false|false&#8221; global_colors_info=&#8221;{}&#8221;][\/et_pb_image][\/et_pb_column][\/et_pb_row][et_pb_row _builder_version=&#8221;4.25.2&#8243; _module_preset=&#8221;default&#8221; custom_margin=&#8221;0px||0px||false|false&#8221; custom_padding=&#8221;0px||0px||false|false&#8221; border_radii=&#8221;off|||5px|5px&#8221; global_colors_info=&#8221;{}&#8221;][et_pb_column type=&#8221;4_4&#8243; _builder_version=&#8221;4.25.2&#8243; _module_preset=&#8221;default&#8221; global_colors_info=&#8221;{}&#8221;][et_pb_text _builder_version=&#8221;4.27.0&#8243; _module_preset=&#8221;default&#8221; text_text_color=&#8221;#666666&#8243; background_color=&#8221;#FFFFFF&#8221; custom_padding=&#8221;20px|20px|20px|20px|true|true&#8221; border_radii=&#8221;on|5px|5px|5px|5px&#8221; global_colors_info=&#8221;{}&#8221;]<\/p>\n<p>Na\u0161 tim, s vi\u0161egodi\u0161njim iskustvom i izvanrednim profesionalnim iskustvom, pru\u017ea usluge vode\u0107e na tr\u017ei\u0161tu za op\u0107ine i poduze\u0107a.<\/p>\n<p><strong><span style=\"color: #666666;\">Glavne prednosti i karakteristike LED rasvjete:<\/span><\/strong><\/p>\n<ul>\n<li>izuzetno dug vijek trajanja preko 15 godina;<\/li>\n<li>mala potro\u0161nja \u010dak i uz visoke performanse;<\/li>\n<li>do 125 Lm\/W svjetlosne snage;<\/li>\n<li>nema uklju\u010divanja &#8222;zagrijavanja&#8221;, kontinuirano emitira 100% svjetline;<\/li>\n<li>\u0161iroko podru\u010dje rada (-40C\u00b0\u2026+50C\u00b0);<\/li>\n<li>niski tro\u0161kovi odr\u017eavanja (bez zamjene \u017earulja);<\/li>\n<\/ul>\n<p>[\/et_pb_text][\/et_pb_column][\/et_pb_row][\/et_pb_section]<\/p>\n","protected":false},"excerpt":{"rendered":"<p>Modernizacija javne rasvjeteModernizacija javne rasvjete postala je jasan simbol odr\u017eivosti, svijesti i razvoja diljem svijeta. I u europskim okvirima na\u0161a zemlja prednja\u010di u modernizaciji javne rasvjete. Prilika je o\u010digledna, jer lokalne samouprave mogu ostvariti u\u0161tede do 30-40% nadogradnjom energije javne rasvjete, a pridonose i ugodnijem, modernijem \u017eivotnom okru\u017eenju. Paralelno s rastom cijena energenata, visoki tro\u0161kovi [&hellip;]<\/p>\n","protected":false},"author":1,"featured_media":0,"parent":0,"menu_order":0,"comment_status":"closed","ping_status":"closed","template":"","meta":{"_et_pb_use_builder":"on","_et_pb_old_content":"[et_pb_section fb_built=\"1\" admin_label=\"Get in Touch\" _builder_version=\"4.25.2\" background_image=\"https:\/\/www.smhv.hu\/wp-content\/uploads\/2024\/07\/kozvill.png\" custom_padding=\"53px|0px|54px|0px|false|false\" global_colors_info=\"{}\"][et_pb_row module_class=\"koz_cim\" _builder_version=\"4.27.0\" _module_preset=\"default\" background_color=\"#FFFFFF\" custom_padding=\"20px||0px|20px|false|false\" border_radii=\"off|5px|5px||\" global_colors_info=\"{}\"][et_pb_column type=\"4_4\" _builder_version=\"4.25.2\" _module_preset=\"default\" global_colors_info=\"{}\"][et_pb_text _builder_version=\"4.27.0\" _module_preset=\"default\" text_text_color=\"#666666\" global_colors_info=\"{}\"]<h1>K\u00f6zvil\u00e1g\u00edt\u00e1s-korszer\u0171s\u00edt\u00e9s<\/h1>[\/et_pb_text][\/et_pb_column][\/et_pb_row][et_pb_row column_structure=\"3_5,2_5\" _builder_version=\"4.25.2\" background_color=\"#FFFFFF\" custom_margin=\"0px||0px||true|false\" custom_padding=\"20px|20px|20px|20px|true|true\" global_colors_info=\"{}\"][et_pb_column type=\"3_5\" _builder_version=\"4.16\" custom_padding=\"|||\" global_colors_info=\"{}\" custom_padding__hover=\"|||\"][et_pb_text _builder_version=\"4.27.0\" text_font=\"||||||||\" text_text_color=\"#666666\" text_line_height=\"1.8em\" header_font=\"Libre Franklin|600|||||||\" header_font_size=\"60px\" header_line_height=\"1.4em\" custom_margin=\"0px||0px||true|false\" custom_padding=\"0px||0px||true|false\" header_font_size_tablet=\"\" header_font_size_phone=\"32px\" header_font_size_last_edited=\"on|phone\" global_colors_info=\"{}\"]<p><span>A k\u00f6zvil\u00e1g\u00edt\u00e1s korszer\u0171s\u00edt\u00e9se a fenntarthat\u00f3s\u00e1g, a tudatoss\u00e1g \u00e9s a fejl\u0151d\u00e9s egy\u00e9rtelm\u0171 szimb\u00f3lum\u00e1v\u00e1 v\u00e1lt vil\u00e1gszerte. Eur\u00f3pai viszonylatban haz\u00e1nk is \u00e9len j\u00e1r a k\u00f6zvil\u00e1g\u00edt\u00e1s korszer\u0171s\u00edt\u00e9s ter\u00e9n. K\u00e9zenfekv\u0151 a lehet\u0151s\u00e9g, hiszen az \u00f6nkorm\u00e1nyzatok a k\u00f6zvil\u00e1g\u00edt\u00e1si energetikai korszer\u0171s\u00edt\u00e9s\u00e9vel ak\u00e1r 30-40%-os megtakar\u00edt\u00e1st is el\u00e9rhetnek, emellett nagy m\u00e9rt\u00e9kben hozz\u00e1j\u00e1rulnak az \u00e9lhet\u0151bb, modernebb lak\u00f3k\u00f6rnyezet kialak\u00edt\u00e1s\u00e1hoz is.<\/span><\/p>\n<p><span>Az energia\u00e1rak n\u00f6veked\u00e9s\u00e9vel p\u00e1rhuzamosan az elavult vil\u00e1g\u00edt\u00e1si berendez\u00e9sek magas \u00fczemeltet\u00e9si k\u00f6lts\u00e9gei egy\u00e9rtelm\u0171v\u00e9 tett\u00e9k, hogy a takar\u00e9koss\u00e1g \u00e9s a gazdas\u00e1goss\u00e1g d\u00f6nt\u0151en befoly\u00e1solja az \u00f6nkorm\u00e1nyzatok gazdas\u00e1gi versenyk\u00e9pess\u00e9g\u00e9t, valamint a lakoss\u00e1g sz\u00e1m\u00e1ra is el\u0151t\u00e9rbe ker\u00fclt az \u00e9lhet\u0151bb, korszer\u0171bb lak\u00f3k\u00f6rnyezet ide\u00e1lja.<\/span><\/p>[\/et_pb_text][\/et_pb_column][et_pb_column type=\"2_5\" _builder_version=\"4.16\" custom_padding=\"|||\" global_colors_info=\"{}\" custom_padding__hover=\"|||\"][et_pb_image src=\"https:\/\/www.smhv.hu\/wp-content\/uploads\/2024\/08\/DSC01028_2-1024x683.png\" title_text=\"kozvilagitas-korszerusites\" show_in_lightbox=\"on\" _builder_version=\"4.27.0\" _module_preset=\"default\" custom_padding=\"0px||||false|false\" hover_enabled=\"0\" global_colors_info=\"{}\" sticky_enabled=\"0\"][\/et_pb_image][\/et_pb_column][\/et_pb_row][et_pb_row _builder_version=\"4.25.2\" _module_preset=\"default\" custom_margin=\"0px||0px||false|false\" custom_padding=\"0px||0px||false|false\" border_radii=\"off|||5px|5px\" global_colors_info=\"{}\"][et_pb_column type=\"4_4\" _builder_version=\"4.25.2\" _module_preset=\"default\" global_colors_info=\"{}\"][et_pb_text _builder_version=\"4.27.0\" _module_preset=\"default\" text_text_color=\"#666666\" background_color=\"#FFFFFF\" custom_padding=\"20px|20px|20px|20px|true|true\" border_radii=\"on|5px|5px|5px|5px\" global_colors_info=\"{}\"]<div>\n<p>Csapatunk t\u00f6bb \u00e9ves tapasztalattal \u00e9s kimagasl\u00f3 szakmai h\u00e1tt\u00e9rrel piacvezet\u0151 szolg\u00e1ltat\u00e1st ny\u00fajt az \u00f6nkorm\u00e1nyzatok \u00e9s v\u00e1llalkoz\u00e1sok sz\u00e1m\u00e1ra.<\/p>\n<p><strong>A LED-es vil\u00e1g\u00edt\u00e1s f\u0151bb el\u0151nyei, jellemz\u0151i:<\/strong><\/p>\n<\/div>\n<ul>\n<li>rendk\u00edv\u00fcl magas, 15 \u00e9v feletti \u00e9lettartam;<\/li>\n<li>alacsony fogyaszt\u00e1s magas teljes\u00edtm\u00e9nyek mellett is;<\/li>\n<li>ak\u00e1r 125 Lm\/W f\u00e9nyteljes\u00edtm\u00e9ny;<\/li>\n<li>nincs bekapcsol\u00e1si \"bemeleged\u00e9s\", folyamatosan leadja a f\u00e9nyer\u0151 100 %-\u00e1t;<\/li>\n<li>sz\u00e9les m\u0171k\u00f6d\u00e9si tartom\u00e1ny ( -40C\u00b0\u2026+50C\u00b0 );<\/li>\n<li>alacsony karbantart\u00e1si k\u00f6lts\u00e9g (nincs izz\u00f3csere).<\/li>\n<\/ul>\n<p>&nbsp;<\/p>[\/et_pb_text][\/et_pb_column][\/et_pb_row][\/et_pb_section]","_et_gb_content_width":"1080","footnotes":""},"class_list":["post-844","page","type-page","status-publish","hentry"],"_links":{"self":[{"href":"https:\/\/www.smhv.hu\/index.php?rest_route=\/wp\/v2\/pages\/844","targetHints":{"allow":["GET"]}}],"collection":[{"href":"https:\/\/www.smhv.hu\/index.php?rest_route=\/wp\/v2\/pages"}],"about":[{"href":"https:\/\/www.smhv.hu\/index.php?rest_route=\/wp\/v2\/types\/page"}],"author":[{"embeddable":true,"href":"https:\/\/www.smhv.hu\/index.php?rest_route=\/wp\/v2\/users\/1"}],"replies":[{"embeddable":true,"href":"https:\/\/www.smhv.hu\/index.php?rest_route=%2Fwp%2Fv2%2Fcomments&post=844"}],"version-history":[{"count":10,"href":"https:\/\/www.smhv.hu\/index.php?rest_route=\/wp\/v2\/pages\/844\/revisions"}],"predecessor-version":[{"id":1151,"href":"https:\/\/www.smhv.hu\/index.php?rest_route=\/wp\/v2\/pages\/844\/revisions\/1151"}],"wp:attachment":[{"href":"https:\/\/www.smhv.hu\/index.php?rest_route=%2Fwp%2Fv2%2Fmedia&parent=844"}],"curies":[{"name":"wp","href":"https:\/\/api.w.org\/{rel}","templated":true}]}}