{"id":841,"date":"2024-09-09T08:54:40","date_gmt":"2024-09-09T08:54:40","guid":{"rendered":"https:\/\/www.smhv.hu\/?page_id=841"},"modified":"2024-09-12T12:08:07","modified_gmt":"2024-09-12T12:08:07","slug":"solarni-sustavi","status":"publish","type":"page","link":"https:\/\/www.smhv.hu\/?page_id=841&lang=hr","title":{"rendered":"Solarni sustavi"},"content":{"rendered":"<p>[et_pb_section fb_built=&#8221;1&#8243; admin_label=&#8221;Get in Touch&#8221; _builder_version=&#8221;4.16&#8243; custom_padding=&#8221;53px|0px|54px|0px|false|false&#8221; global_colors_info=&#8221;{}&#8221;][et_pb_row _builder_version=&#8221;4.25.2&#8243; _module_preset=&#8221;default&#8221; global_colors_info=&#8221;{}&#8221;][et_pb_column type=&#8221;4_4&#8243; _builder_version=&#8221;4.25.2&#8243; _module_preset=&#8221;default&#8221; global_colors_info=&#8221;{}&#8221;][et_pb_text _builder_version=&#8221;4.27.0&#8243; _module_preset=&#8221;default&#8221; header_text_color=&#8221;#666666&#8243; hover_enabled=&#8221;0&#8243; global_colors_info=&#8221;{}&#8221; sticky_enabled=&#8221;0&#8243;]<\/p>\n<h1><strong>Solarni sustavi<\/strong><\/h1>\n<p>[\/et_pb_text][\/et_pb_column][\/et_pb_row][et_pb_row column_structure=&#8221;1_2,1_2&#8243; _builder_version=&#8221;4.25.2&#8243; custom_margin=&#8221;0px||0px||true|false&#8221; custom_padding=&#8221;0px||||false|false&#8221; global_colors_info=&#8221;{}&#8221;][et_pb_column type=&#8221;1_2&#8243; _builder_version=&#8221;4.16&#8243; custom_padding=&#8221;|||&#8221; global_colors_info=&#8221;{}&#8221; custom_padding__hover=&#8221;|||&#8221;][et_pb_text _builder_version=&#8221;4.27.0&#8243; text_font=&#8221;||||||||&#8221; text_line_height=&#8221;1.8em&#8221; header_font=&#8221;Libre Franklin|600|||||||&#8221; header_font_size=&#8221;60px&#8221; header_line_height=&#8221;1.4em&#8221; custom_margin=&#8221;0px||0px||true|false&#8221; custom_padding=&#8221;0px||0px||true|false&#8221; header_font_size_tablet=&#8221;&#8221; header_font_size_phone=&#8221;32px&#8221; header_font_size_last_edited=&#8221;on|phone&#8221; global_colors_info=&#8221;{}&#8221;]<\/p>\n<p style=\"text-align: justify;\"><span>Nudimo rje\u0161enja po principu &#8222;klju\u010d u ruke&#8221; za obiteljske ku\u0107e, odnosno izgradnje malih, tzv. elektrana HMKE. Od samog po\u010detka do uklju\u010divanja i implementacije multi-MVA solarne elektrane. Mi preuzimamo HMKE u slu\u010daju potrebnog planiranja uprave dobavlja\u010da elektri\u010dne energije, njegov potpuni dizajn i implementaciju.<\/span><\/p>\n<p>[\/et_pb_text][\/et_pb_column][et_pb_column type=&#8221;1_2&#8243; _builder_version=&#8221;4.16&#8243; custom_padding=&#8221;|||&#8221; global_colors_info=&#8221;{}&#8221; custom_padding__hover=&#8221;|||&#8221;][et_pb_text _builder_version=&#8221;4.27.0&#8243; _module_preset=&#8221;default&#8221; hover_enabled=&#8221;0&#8243; global_colors_info=&#8221;{}&#8221; sticky_enabled=&#8221;0&#8243;]<\/p>\n<h5><span style=\"color: #666666;\"><strong>Kod solarnih elektrana pru\u017eamo cijeli niz usluga:<\/strong><\/span><\/h5>\n<ul>\n<li>\u00a0licenciranje i izgradnja solarne elektrane i proizvodne linije;<\/li>\n<li>\u00a0uspostavljanje javne priklju\u010dne to\u010dke;<\/li>\n<li>\u00a0izrada planova mjerenja;<\/li>\n<li>\u00a0izrada plana povezivanja;<\/li>\n<li>\u00a0pu\u0161tanje u pogon;<\/li>\n<li>\u00a0provo\u0111enje kontrolnih mjerenja.<\/li>\n<\/ul>\n<p>[\/et_pb_text][\/et_pb_column][\/et_pb_row][et_pb_row _builder_version=&#8221;4.27.0&#8243; _module_preset=&#8221;default&#8221; width=&#8221;100%&#8221; max_width=&#8221;70%&#8221; global_colors_info=&#8221;{}&#8221;][et_pb_column type=&#8221;4_4&#8243; _builder_version=&#8221;4.27.0&#8243; _module_preset=&#8221;default&#8221; global_colors_info=&#8221;{}&#8221;][et_pb_code module_class=&#8221;promo-video&#8221; _builder_version=&#8221;4.27.0&#8243; _module_preset=&#8221;default&#8221; background_enable_video_mp4=&#8221;off&#8221; min_height=&#8221;400px&#8221; global_colors_info=&#8221;{}&#8221;]<video id=\"promo-video\" autoplay loop muted><!-- [et_pb_line_break_holder] --><source src=\"https:\/\/www.smhv.hu\/wp-content\/uploads\/2024\/07\/SMHV-PV-promo.mp4\" type=\"video\/mp4\"><!-- [et_pb_line_break_holder] --><\/video>[\/et_pb_code][\/et_pb_column][\/et_pb_row][\/et_pb_section]<\/p>\n","protected":false},"excerpt":{"rendered":"<p>Solarni sustaviNudimo rje\u0161enja po principu &#8222;klju\u010d u ruke&#8221; za obiteljske ku\u0107e, odnosno izgradnje malih, tzv. elektrana HMKE. Od samog po\u010detka do uklju\u010divanja i implementacije multi-MVA solarne elektrane. Mi preuzimamo HMKE u slu\u010daju potrebnog planiranja uprave dobavlja\u010da elektri\u010dne energije, njegov potpuni dizajn i implementaciju.Kod solarnih elektrana pru\u017eamo cijeli niz usluga: \u00a0licenciranje i izgradnja solarne elektrane i [&hellip;]<\/p>\n","protected":false},"author":1,"featured_media":0,"parent":0,"menu_order":0,"comment_status":"closed","ping_status":"closed","template":"","meta":{"_et_pb_use_builder":"on","_et_pb_old_content":"[et_pb_section fb_built=\"1\" admin_label=\"Get in Touch\" _builder_version=\"4.16\" custom_padding=\"53px|0px|54px|0px|false|false\" global_colors_info=\"{}\"][et_pb_row _builder_version=\"4.25.2\" _module_preset=\"default\" global_colors_info=\"{}\"][et_pb_column type=\"4_4\" _builder_version=\"4.25.2\" _module_preset=\"default\" global_colors_info=\"{}\"][et_pb_text _builder_version=\"4.25.2\" _module_preset=\"default\" global_colors_info=\"{}\"]<h1>Napelemes rendszerek<\/h1>[\/et_pb_text][\/et_pb_column][\/et_pb_row][et_pb_row column_structure=\"1_2,1_2\" _builder_version=\"4.25.2\" custom_margin=\"0px||0px||true|false\" custom_padding=\"0px||||false|false\" global_colors_info=\"{}\"][et_pb_column type=\"1_2\" _builder_version=\"4.16\" custom_padding=\"|||\" global_colors_info=\"{}\" custom_padding__hover=\"|||\"][et_pb_text _builder_version=\"4.27.0\" text_font=\"||||||||\" text_line_height=\"1.8em\" header_font=\"Libre Franklin|600|||||||\" header_font_size=\"60px\" header_line_height=\"1.4em\" custom_margin=\"0px||0px||true|false\" custom_padding=\"0px||0px||true|false\" header_font_size_tablet=\"\" header_font_size_phone=\"32px\" header_font_size_last_edited=\"on|phone\" global_colors_info=\"{}\"]<p><span>Kulcsrak\u00e9sz megold\u00e1sokat ny\u00fajtunk h\u00e1ztart\u00e1si m\u00e9ret\u0171 \u00fan. HMKE<\/span><i class=\"fas fa-search-plus\"><\/i><span>\u00a0kiser\u0151m\u0171vek \u00e9p\u00edt\u00e9s\u00e9t\u0151l kezdve a t\u00f6bb MVA teljes\u00edtm\u00e9ny\u0171 naper\u0151m\u0171 megval\u00f3s\u00edt\u00e1s\u00e1ig bez\u00e1r\u00f3lag. V\u00e1llaljuk HMKE eset\u00e9n a sz\u00fcks\u00e9ges tervez\u00e9si \u00e1ramszolg\u00e1ltat\u00f3i \u00fcgyint\u00e9z\u00e9s lebonyol\u00edt\u00e1s\u00e1t, annak komplett tervez\u00e9s\u00e9t \u00e9s kivitelez\u00e9s\u00e9t.<\/span><\/p>[\/et_pb_text][\/et_pb_column][et_pb_column type=\"1_2\" _builder_version=\"4.16\" custom_padding=\"|||\" global_colors_info=\"{}\" custom_padding__hover=\"|||\"][et_pb_text _builder_version=\"4.27.0\" _module_preset=\"default\" global_colors_info=\"{}\"]<h5><span>Naper\u0151m\u0171vek eset\u00e9ben teljesk\u00f6r\u0171 szolg\u00e1ltat\u00e1st ny\u00fajtunk:<\/span><\/h5>\n<ul>\n<li>naper\u0151m\u0171 \u00e9s termel\u0151i vezet\u00e9k enged\u00e9lyeztet\u00e9se, kivitelez\u00e9se;<\/li>\n<li>k\u00f6zc\u00e9l\u00fa csatlakoz\u00e1si pont kialak\u00edt\u00e1sa;<\/li>\n<li>m\u00e9r\u00e9si tervek k\u00e9sz\u00edt\u00e9se;<\/li>\n<li>csatlakoz\u00e1si terv k\u00e9sz\u00edt\u00e9se;<\/li>\n<li>\u00fczembe helyez\u00e9s lebonyol\u00edt\u00e1sa;<\/li>\n<li>ellen\u0151rz\u0151 m\u00e9r\u00e9sek elv\u00e9gz\u00e9se.<\/li>\n<\/ul>[\/et_pb_text][\/et_pb_column][\/et_pb_row][et_pb_row _builder_version=\"4.27.0\" _module_preset=\"default\" width=\"100%\" max_width=\"70%\" global_colors_info=\"{}\"][et_pb_column type=\"4_4\" _builder_version=\"4.27.0\" _module_preset=\"default\" global_colors_info=\"{}\"][et_pb_code module_class=\"promo-video\" _builder_version=\"4.27.0\" _module_preset=\"default\" background_enable_video_mp4=\"off\" min_height=\"400px\" global_colors_info=\"{}\"]<video id=\"promo-video\" autoplay loop muted><!-- [et_pb_line_break_holder] -->  <source src=\"https:\/\/www.smhv.hu\/wp-content\/uploads\/2024\/07\/SMHV-PV-promo.mp4\" type=\"video\/mp4\"><!-- [et_pb_line_break_holder] --><\/video>[\/et_pb_code][\/et_pb_column][\/et_pb_row][\/et_pb_section]","_et_gb_content_width":"1080","footnotes":""},"class_list":["post-841","page","type-page","status-publish","hentry"],"_links":{"self":[{"href":"https:\/\/www.smhv.hu\/index.php?rest_route=\/wp\/v2\/pages\/841","targetHints":{"allow":["GET"]}}],"collection":[{"href":"https:\/\/www.smhv.hu\/index.php?rest_route=\/wp\/v2\/pages"}],"about":[{"href":"https:\/\/www.smhv.hu\/index.php?rest_route=\/wp\/v2\/types\/page"}],"author":[{"embeddable":true,"href":"https:\/\/www.smhv.hu\/index.php?rest_route=\/wp\/v2\/users\/1"}],"replies":[{"embeddable":true,"href":"https:\/\/www.smhv.hu\/index.php?rest_route=%2Fwp%2Fv2%2Fcomments&post=841"}],"version-history":[{"count":7,"href":"https:\/\/www.smhv.hu\/index.php?rest_route=\/wp\/v2\/pages\/841\/revisions"}],"predecessor-version":[{"id":1135,"href":"https:\/\/www.smhv.hu\/index.php?rest_route=\/wp\/v2\/pages\/841\/revisions\/1135"}],"wp:attachment":[{"href":"https:\/\/www.smhv.hu\/index.php?rest_route=%2Fwp%2Fv2%2Fmedia&parent=841"}],"curies":[{"name":"wp","href":"https:\/\/api.w.org\/{rel}","templated":true}]}}