{"id":838,"date":"2024-09-09T08:53:39","date_gmt":"2024-09-09T08:53:39","guid":{"rendered":"https:\/\/www.smhv.hu\/?page_id=838"},"modified":"2024-09-12T12:05:24","modified_gmt":"2024-09-12T12:05:24","slug":"izgradnja-elektricne-mreze","status":"publish","type":"page","link":"https:\/\/www.smhv.hu\/?page_id=838&lang=hr","title":{"rendered":"Izgradnja elektri\u010dne mre\u017ee"},"content":{"rendered":"<p>[et_pb_section fb_built=&#8221;1&#8243; admin_label=&#8221;Get in Touch&#8221; _builder_version=&#8221;4.27.0&#8243; background_image=&#8221;https:\/\/www.smhv.hu\/wp-content\/uploads\/2024\/07\/technology-8280863-scaled.jpg&#8221; custom_padding=&#8221;53px|0px|54px|0px|false|false&#8221; global_colors_info=&#8221;{}&#8221;][et_pb_row column_structure=&#8221;1_2,1_2&#8243; module_id=&#8221;vill_hal_ep&#8221; _builder_version=&#8221;4.27.0&#8243; background_color=&#8221;#FFFFFF&#8221; background_enable_image=&#8221;off&#8221; custom_margin=&#8221;0px||0px||true|false&#8221; custom_padding=&#8221;20px|20px||20px|false|true&#8221; custom_css_free_form=&#8221;#vill_hal_ep h1, h2, h3, h4{||  color: #666 !important;||}&#8221; border_radii=&#8221;on|5px|5px|5px|5px&#8221; global_colors_info=&#8221;{}&#8221;][et_pb_column type=&#8221;1_2&#8243; _builder_version=&#8221;4.16&#8243; custom_padding=&#8221;|||&#8221; global_colors_info=&#8221;{}&#8221; custom_padding__hover=&#8221;|||&#8221;][et_pb_text _builder_version=&#8221;4.27.0&#8243; text_font=&#8221;||||||||&#8221; text_text_color=&#8221;#666666&#8243; text_line_height=&#8221;1.8em&#8221; header_font=&#8221;Libre Franklin|600|||||||&#8221; header_text_color=&#8221;#666666&#8243; header_font_size=&#8221;60px&#8221; header_line_height=&#8221;1.4em&#8221; custom_margin=&#8221;0px||0px||true|false&#8221; custom_padding=&#8221;0px||0px||true|false&#8221; hover_enabled=&#8221;0&#8243; header_font_size_tablet=&#8221;&#8221; header_font_size_phone=&#8221;32px&#8221; header_font_size_last_edited=&#8221;on|phone&#8221; global_colors_info=&#8221;{}&#8221; sticky_enabled=&#8221;0&#8243;]<\/p>\n<h2><strong>Izgradnja elektri\u010dne mre\u017ee<\/strong><\/h2>\n<p><strong><\/strong><\/p>\n<p style=\"text-align: justify;\">Osnovna djelatnost na\u0161e tvrtke je izgradnja i pu\u0161tanje u pogon raznih niskonaponskih i srednjenaponskih elektri\u010dnih mre\u017ea i sustava. Kvalificirani smo izvo\u0111a\u010di za sve dobavlja\u010de elektri\u010dne energije koji trenutno djeluju u zemlji. Visoka razina obu\u010denosti na\u0161eg instalaterskog osoblja, na\u0161 opse\u017eni park opreme, na\u0161i certifikati opskrbljiva\u010da elektri\u010dnom energijom i na\u0161i okvirni ugovori pru\u017eaju mogu\u0107nost da na\u0161im klijentima pru\u017eimo slo\u017eenu gra\u0111evinsku uslugu, od zemljanih radova do pu\u0161tanja opreme u rad.<\/p>\n<p>[\/et_pb_text][et_pb_text _builder_version=&#8221;4.27.0&#8243; _module_preset=&#8221;default&#8221; text_text_color=&#8221;#666666&#8243; header_text_color=&#8221;#666666&#8243; custom_margin=&#8221;28px||||false|false&#8221; custom_padding=&#8221;||||false|false&#8221; hover_enabled=&#8221;0&#8243; global_colors_info=&#8221;{}&#8221; sticky_enabled=&#8221;0&#8243;]<\/p>\n<div class=\"tm-middle uk-grid\" data-uk-grid-match=\"\" data-uk-grid-margin=\"\">\n<div class=\"tm-main uk-width-medium-1-2 uk-row-first\">\n<h2><strong>Na\u0161a istaknuta podru\u010dja:<\/strong><\/h2>\n<p><strong><\/strong><\/p>\n<h4><strong>Izgradnaj elektroenergetskih mre\u017ea<\/strong><\/h4>\n<p>Niski i srednji napon za korisnike mre\u017enih licenci na temelju okvirnih ugovora gra\u0111enje mre\u017ea.<\/p>\n<\/div>\n<\/div>\n<p>[\/et_pb_text][\/et_pb_column][et_pb_column type=&#8221;1_2&#8243; _builder_version=&#8221;4.16&#8243; custom_padding=&#8221;|||&#8221; global_colors_info=&#8221;{}&#8221; custom_padding__hover=&#8221;|||&#8221;][et_pb_text _builder_version=&#8221;4.27.0&#8243; _module_preset=&#8221;default&#8221; text_text_color=&#8221;#666666&#8243; global_colors_info=&#8221;{}&#8221;]<\/p>\n<div class=\"tm-main uk-width-medium-1-2 uk-row-first\">\n<h3><strong>Monta\u017eni radovi potrebni zbog uspostave GIR sustava<\/strong><\/h3>\n<\/div>\n<div class=\"tm-main uk-width-medium-1-2 uk-row-first\" style=\"text-align: justify;\">Na\u0161a tvrtka ima vi\u0161egodi\u0161nje iskustvo u standardizaciji elektroenergetskih mre\u017ea potrebnih za uspostavu razli\u010ditih sustava slabe struje. Na zahtjev, \u010dak pripremamo projekte po principu &#8222;klju\u010d u ruke&#8221; za na\u0161e partnere osniva\u010de GYR-a. Vr\u0161imo snimanje dionica mre\u017ee danih za kori\u0161tenje, izradu tro\u0161kovnika potrebnih za izradu rje\u0161enja, planove smje\u0161taja i adaptacije te izvo\u0111enje gra\u0111evinskih radova. Zahvaljuju\u0107i certifikatima FAM-a, na\u0161a tvrtka se tako\u0111er bavi GYR potpornom opremom i proizvodnjom spojeva za za\u0161titu od kontakta za ove potporne konstrukcije.<\/div>\n<p>[\/et_pb_text][et_pb_text _builder_version=&#8221;4.27.0&#8243; _module_preset=&#8221;default&#8221; text_text_color=&#8221;#666666&#8243; global_colors_info=&#8221;{}&#8221;]<\/p>\n<h3><strong>Elektroinstalaterski radovi zbog izgradnje infrastrukture<\/strong><\/h3>\n<p style=\"text-align: justify;\"><span>Na\u0161a tvrtka ve\u0107 se dokazala kao specijalist podizvo\u0111a\u010d na nekoliko cestovnih i \u017eeljezni\u010dkih radova od dr\u017eavnog zna\u010daja. Na\u0161 posao je obi\u010dno zamjena i izgradnja razli\u010dite javne opreme velike struje, opskrba elektri\u010dnom energijom opreme postrojenja (npr. komunikacija postrojenja, sigurnosna oprema za \u017eeljeznicu) te projektiranje i izgradnja uli\u010dne rasvjete za \u017eeljeznice.<\/span><\/p>\n<p>[\/et_pb_text][\/et_pb_column][\/et_pb_row][\/et_pb_section]<\/p>\n","protected":false},"excerpt":{"rendered":"<p>Izgradnja elektri\u010dne mre\u017ee Osnovna djelatnost na\u0161e tvrtke je izgradnja i pu\u0161tanje u pogon raznih niskonaponskih i srednjenaponskih elektri\u010dnih mre\u017ea i sustava. Kvalificirani smo izvo\u0111a\u010di za sve dobavlja\u010de elektri\u010dne energije koji trenutno djeluju u zemlji. Visoka razina obu\u010denosti na\u0161eg instalaterskog osoblja, na\u0161 opse\u017eni park opreme, na\u0161i certifikati opskrbljiva\u010da elektri\u010dnom energijom i na\u0161i okvirni ugovori pru\u017eaju mogu\u0107nost [&hellip;]<\/p>\n","protected":false},"author":1,"featured_media":0,"parent":0,"menu_order":0,"comment_status":"closed","ping_status":"closed","template":"","meta":{"_et_pb_use_builder":"on","_et_pb_old_content":"[et_pb_section fb_built=\"1\" admin_label=\"Get in Touch\" _builder_version=\"4.27.0\" background_image=\"https:\/\/www.smhv.hu\/wp-content\/uploads\/2024\/07\/technology-8280863-scaled.jpg\" custom_padding=\"53px|0px|54px|0px|false|false\" global_colors_info=\"{}\"][et_pb_row column_structure=\"1_2,1_2\" _builder_version=\"4.27.0\" background_color=\"#FFFFFF\" background_enable_image=\"off\" custom_margin=\"0px||0px||true|false\" custom_padding=\"20px|20px||20px|false|true\" hover_enabled=\"0\" border_radii=\"off|||5px|5px\" global_colors_info=\"{}\" sticky_enabled=\"0\" custom_css_free_form=\"#vill_hal_ep h1, h2, h3, h4{||  color: #666 !important;||}\" module_id=\"vill_hal_ep\"][et_pb_column type=\"1_2\" _builder_version=\"4.16\" custom_padding=\"|||\" global_colors_info=\"{}\" custom_padding__hover=\"|||\"][et_pb_text _builder_version=\"4.27.0\" text_font=\"||||||||\" text_text_color=\"#666666\" text_line_height=\"1.8em\" header_font=\"Libre Franklin|600|||||||\" header_font_size=\"60px\" header_line_height=\"1.4em\" custom_margin=\"0px||0px||true|false\" custom_padding=\"0px||0px||true|false\" hover_enabled=\"0\" header_font_size_tablet=\"\" header_font_size_phone=\"32px\" header_font_size_last_edited=\"on|phone\" global_colors_info=\"{}\" header_text_color=\"#666666\" sticky_enabled=\"0\"]<h2><strong>Villamos h\u00e1l\u00f3zat\u00e9p\u00edt\u00e9s<\/strong><\/h2>\n<p><strong><\/strong><\/p>\n<p style=\"text-align: justify;\"><span>C\u00e9g\u00fcnk alaptev\u00e9kenys\u00e9ge k\u00f6z\u00e9 tartozik k\u00fcl\u00f6nb\u00f6z\u0151 kis- \u00e9s k\u00f6z\u00e9pfesz\u00fclts\u00e9g\u0171 villamos h\u00e1l\u00f3zatok, rendszerek ki\u00e9p\u00edt\u00e9se, \u00fczembehelyez\u00e9se. Min\u0151s\u00edtett v\u00e1llalkoz\u00f3i vagyunk az orsz\u00e1gban jelenleg m\u0171k\u00f6d\u0151 \u00f6sszes \u00e1ramszolg\u00e1ltat\u00f3nak (E.ON, NKM, ELM\u00dc-\u00c9M\u00c1SZ). Szerel\u0151i \u00e1llom\u00e1nyunk magas k\u00e9pzetts\u00e9ge, kiterjedt eszk\u00f6zparkunk, \u00e1ramszolg\u00e1ltat\u00f3i min\u0151s\u00edt\u00e9seink, keretszerz\u0151d\u00e9seink lehet\u0151s\u00e9get biztos\u00edtanak arra, hogy Megrendel\u0151ink r\u00e9sz\u00e9re komplex kivitelez\u00e9si szolg\u00e1ltat\u00e1st ny\u00fajtsunk a f\u00f6ldmunk\u00e1t\u00f3l eg\u00e9szen a berendez\u00e9sek \u00fczembehelyez\u00e9s\u00e9ig.<\/span><\/p>[\/et_pb_text][et_pb_text _builder_version=\"4.27.0\" _module_preset=\"default\" text_text_color=\"#666666\" header_text_color=\"#666666\" custom_margin=\"28px||||false|false\" custom_padding=\"||||false|false\" global_colors_info=\"{}\"]<h2><strong>Kiemelt kivitelez\u00e9si ter\u00fcleteink:<\/strong><\/h2>\n<p>&nbsp;<\/p>\n<h4><strong>\u00c1ramszolg\u00e1ltat\u00f3i h\u00e1l\u00f3zatok \u00e9p\u00edt\u00e9se<\/strong><\/h4>\n<div class=\"tm-middle uk-grid\" data-uk-grid-match=\"\" data-uk-grid-margin=\"\">\n<div class=\"tm-main uk-width-medium-1-2 uk-row-first\">\n<p>H\u00e1l\u00f3zati Enged\u00e9lyesek r\u00e9sz\u00e9re keretmeg\u00e1llapod\u00e1sok alapj\u00e1n kis-<br \/>\u00e9s k\u00f6z\u00e9pfesz\u00fclts\u00e9g\u0171 h\u00e1l\u00f3zatok \u00e9p\u00edt\u00e9se.<\/p>\n<\/div>\n<\/div>[\/et_pb_text][\/et_pb_column][et_pb_column type=\"1_2\" _builder_version=\"4.16\" custom_padding=\"|||\" global_colors_info=\"{}\" custom_padding__hover=\"|||\"][et_pb_text _builder_version=\"4.27.0\" _module_preset=\"default\" text_text_color=\"#666666\" global_colors_info=\"{}\"]<h3 style=\"text-align: left;\"><strong>GYR rendszer l\u00e9tes\u00edt\u00e9se miatt sz\u00fcks\u00e9ges alkalmass\u00e1 t\u00e9teli munk\u00e1k<\/strong><\/h3>\n<p style=\"text-align: justify;\">C\u00e9g\u00fcnk t\u00f6bb \u00e9ves tapasztalattal rendelkezik k\u00fcl\u00f6nb\u00f6z\u0151 gyenge\u00e1ram\u00fa rendszerek l\u00e9tes\u00edt\u00e9se miatt sz\u00fcks\u00e9ges \u00e1ramszolg\u00e1ltat\u00f3i h\u00e1l\u00f3zatok szabv\u00e1nyos\u00edt\u00e1sa tekintet\u00e9ben. Ig\u00e9ny szerint ak\u00e1r kulcsrak\u00e9sz projekteket k\u00e9sz\u00edt\u00fcnk a GYR l\u00e9tes\u00edt\u0151 partnereink r\u00e9sz\u00e9re. V\u00e1llaljuk az ig\u00e9nybev\u00e9telre kijel\u00f6lt h\u00e1l\u00f3zatszakaszok felm\u00e9r\u00e9s\u00e9t, a d\u00f6nt\u00e9s el\u0151k\u00e9sz\u00edt\u00e9shez sz\u00fcks\u00e9ges k\u00f6lts\u00e9gbecsl\u00e9sek elk\u00e9sz\u00edt\u00e9s\u00e9t, elhelyez\u00e9si \u00e9s alkalmass\u00e1 t\u00e9teli tervek, valamint kivitelez\u00e9si munk\u00e1k elv\u00e9gz\u00e9s\u00e9t. T\u00e1rsas\u00e1gunk FAM min\u0151s\u00edt\u00e9seinek k\u00f6sz\u00f6nhet\u0151en foglalkozik GYR tart\u00f3 felszerel\u00e9sekkel \u00e9s ezen tart\u00f3szerkezetek \u00e9rint\u00e9sv\u00e9delmi bek\u00f6t\u00e9seinek elk\u00e9sz\u00edt\u00e9s\u00e9vel is.<\/p>[\/et_pb_text][et_pb_text _builder_version=\"4.27.0\" _module_preset=\"default\" text_text_color=\"#666666\" global_colors_info=\"{}\"]<h3 style=\"text-align: left;\"><strong>Infrastrukt\u00fara\u00e9p\u00edt\u00e9s miatti villamos szerel\u00e9si munk\u00e1k<\/strong><\/h3>\n<p style=\"text-align: justify;\">T\u00e1rsas\u00e1gunk t\u00f6bb orsz\u00e1gos jelent\u0151s\u00e9g\u0171 \u00fat- \u00e9s vas\u00fat \u00e9p\u00edt\u00e9si munka sor\u00e1n bizony\u00edtott m\u00e1r, mint szak\u00e1gi alv\u00e1llalkoz\u00f3. Munk\u00e1ink jellemz\u0151en k\u00fcl\u00f6nb\u00f6z\u0151 k\u00f6zc\u00e9l\u00fa er\u0151s\u00e1ram\u00fa berendez\u00e9sek kiv\u00e1lt\u00e1sa, \u00e9p\u00edt\u00e9se, \u00fczemi berendez\u00e9sek villamos energia ell\u00e1t\u00e1sa (pl. \u00fczemi h\u00edrk\u00f6zl\u00e9s, vas\u00fati biztos\u00edt\u00f3 berendez\u00e9s), valamint vas\u00fati t\u00e9rvil\u00e1g\u00edt\u00e1s tervez\u00e9se \u00e9s \u00e9p\u00edt\u00e9se.<\/p>[\/et_pb_text][\/et_pb_column][\/et_pb_row][\/et_pb_section]","_et_gb_content_width":"1080","footnotes":""},"class_list":["post-838","page","type-page","status-publish","hentry"],"_links":{"self":[{"href":"https:\/\/www.smhv.hu\/index.php?rest_route=\/wp\/v2\/pages\/838","targetHints":{"allow":["GET"]}}],"collection":[{"href":"https:\/\/www.smhv.hu\/index.php?rest_route=\/wp\/v2\/pages"}],"about":[{"href":"https:\/\/www.smhv.hu\/index.php?rest_route=\/wp\/v2\/types\/page"}],"author":[{"embeddable":true,"href":"https:\/\/www.smhv.hu\/index.php?rest_route=\/wp\/v2\/users\/1"}],"replies":[{"embeddable":true,"href":"https:\/\/www.smhv.hu\/index.php?rest_route=%2Fwp%2Fv2%2Fcomments&post=838"}],"version-history":[{"count":9,"href":"https:\/\/www.smhv.hu\/index.php?rest_route=\/wp\/v2\/pages\/838\/revisions"}],"predecessor-version":[{"id":1131,"href":"https:\/\/www.smhv.hu\/index.php?rest_route=\/wp\/v2\/pages\/838\/revisions\/1131"}],"wp:attachment":[{"href":"https:\/\/www.smhv.hu\/index.php?rest_route=%2Fwp%2Fv2%2Fmedia&parent=838"}],"curies":[{"name":"wp","href":"https:\/\/api.w.org\/{rel}","templated":true}]}}