{"id":835,"date":"2024-09-09T08:52:06","date_gmt":"2024-09-09T08:52:06","guid":{"rendered":"https:\/\/www.smhv.hu\/?page_id=835"},"modified":"2024-09-12T11:49:48","modified_gmt":"2024-09-12T11:49:48","slug":"projektiranje","status":"publish","type":"page","link":"https:\/\/www.smhv.hu\/?page_id=835&lang=hr","title":{"rendered":"Projektiranje"},"content":{"rendered":"<p>[et_pb_section fb_built=&#8221;1&#8243; admin_label=&#8221;Get in Touch&#8221; _builder_version=&#8221;4.25.2&#8243; background_image=&#8221;https:\/\/www.smhv.hu\/wp-content\/uploads\/2024\/07\/tervek-1.png&#8221; custom_padding=&#8221;53px|0px|54px|0px|false|false&#8221; global_colors_info=&#8221;{}&#8221;][et_pb_row _builder_version=&#8221;4.25.2&#8243; _module_preset=&#8221;default&#8221; global_colors_info=&#8221;{}&#8221;][et_pb_column type=&#8221;4_4&#8243; _builder_version=&#8221;4.25.2&#8243; _module_preset=&#8221;default&#8221; global_colors_info=&#8221;{}&#8221;][et_pb_text _builder_version=&#8221;4.27.0&#8243; _module_preset=&#8221;default&#8221; header_text_color=&#8221;#666666&#8243; global_colors_info=&#8221;{}&#8221;]<\/p>\n<h1>Projektiranje<\/h1>\n<p>[\/et_pb_text][\/et_pb_column][\/et_pb_row][et_pb_row column_structure=&#8221;3_5,2_5&#8243; _builder_version=&#8221;4.25.2&#8243; custom_margin=&#8221;0px||0px||true|false&#8221; custom_padding=&#8221;0px||||false|false&#8221; hover_enabled=&#8221;0&#8243; global_colors_info=&#8221;{}&#8221; sticky_enabled=&#8221;0&#8243;][et_pb_column type=&#8221;3_5&#8243; _builder_version=&#8221;4.16&#8243; custom_padding=&#8221;|||&#8221; global_colors_info=&#8221;{}&#8221; custom_padding__hover=&#8221;|||&#8221;][et_pb_text _builder_version=&#8221;4.27.0&#8243; text_font=&#8221;||||||||&#8221; text_line_height=&#8221;1.8em&#8221; header_font=&#8221;Libre Franklin|600|||||||&#8221; header_font_size=&#8221;60px&#8221; header_line_height=&#8221;1.4em&#8221; background_color=&#8221;#FFFFFF&#8221; custom_margin=&#8221;0px||0px||true|false&#8221; custom_padding=&#8221;0px||0px||true|false&#8221; hover_enabled=&#8221;0&#8243; header_font_size_tablet=&#8221;&#8221; header_font_size_phone=&#8221;32px&#8221; header_font_size_last_edited=&#8221;on|phone&#8221; global_colors_info=&#8221;{}&#8221; sticky_enabled=&#8221;0&#8243;]<\/p>\n<p style=\"text-align: justify;\"><span>Investicija, razvoj po\u010dinje od planiranja ideja. Na\u0161a tvrtka bavi se sa izvo\u0161a\u010dkim radovima elektroistalacija i za tu uslugu imamo vi\u0161e kvalitetnih stru\u010dnjaka, tim in\u017eenjera. Mi smo ugovoreni i kvalificirani podizvo\u0111a\u010di tvrtkama koje distribuiraju elektri\u010dnu energiju na na\u0161em podru\u010dju. Spremni smo realizirati va\u0161e ideje po sistemu klju\u010d u ruke, od projektiranja do pu\u0161tanja u pogon.<\/span><\/p>\n<p>[\/et_pb_text][\/et_pb_column][et_pb_column type=&#8221;2_5&#8243; _builder_version=&#8221;4.16&#8243; custom_padding=&#8221;|||&#8221; global_colors_info=&#8221;{}&#8221; custom_padding__hover=&#8221;|||&#8221;][et_pb_image src=&#8221;https:\/\/www.smhv.hu\/wp-content\/uploads\/2024\/06\/tervezes.jpg&#8221; title_text=&#8221;tervezes&#8221; show_in_lightbox=&#8221;on&#8221; _builder_version=&#8221;4.25.2&#8243; _module_preset=&#8221;default&#8221; custom_padding=&#8221;0px||||false|false&#8221; global_colors_info=&#8221;{}&#8221;][\/et_pb_image][\/et_pb_column][\/et_pb_row][et_pb_row _builder_version=&#8221;4.25.2&#8243; _module_preset=&#8221;default&#8221; custom_margin=&#8221;0px||0px||false|false&#8221; custom_padding=&#8221;0px||0px||false|false&#8221; global_colors_info=&#8221;{}&#8221;][et_pb_column type=&#8221;4_4&#8243; _builder_version=&#8221;4.25.2&#8243; _module_preset=&#8221;default&#8221; global_colors_info=&#8221;{}&#8221;][et_pb_text _builder_version=&#8221;4.27.0&#8243; _module_preset=&#8221;default&#8221; text_text_color=&#8221;#666666&#8243; background_enable_color=&#8221;off&#8221; use_background_color_gradient=&#8221;on&#8221; background_color_gradient_direction=&#8221;91deg&#8221; background_color_gradient_stops=&#8221;#ffffff 65%|rgba(255,255,255,0) 80%&#8221; custom_padding=&#8221;0px||||false|false&#8221; global_colors_info=&#8221;{}&#8221;]<\/p>\n<p><span style=\"color: #666666;\"><strong>Na\u0161a prioritetna podru\u010dja djelovanja:<\/strong><\/span><\/p>\n<ul>\n<li>\u00a0projektiranje potro\u0161a\u010dkih priklju\u010daka;<\/li>\n<li>\u00a0planiranje javnih elektroenergetskih mre\u017ea;<\/li>\n<li>\u00a0planiranje privatnih i proizvo\u0111a\u010dkih elektroenergetskih mre\u017ea;<\/li>\n<li>\u00a0kompletno projektiranje solarnih elektrana (od projekta javnog priklju\u010dka &#8211; do\u00a0 punog slu\u017ebenog ovla\u0161tenja);<\/li>\n<li>\u00a0planiranje unutarnjih elektroinstalacijskih mre\u017ea;<\/li>\n<li>\u00a0planiranje modernizacije javne rasvjete;<\/li>\n<li>\u00a0izvo\u0111enje jakostrujnih projektnih zadataka vezanih uz GYR sustave;<\/li>\n<\/ul>\n<ul><\/ul>\n<p>[\/et_pb_text][\/et_pb_column][\/et_pb_row][\/et_pb_section]<\/p>\n","protected":false},"excerpt":{"rendered":"<p>ProjektiranjeInvesticija, razvoj po\u010dinje od planiranja ideja. Na\u0161a tvrtka bavi se sa izvo\u0161a\u010dkim radovima elektroistalacija i za tu uslugu imamo vi\u0161e kvalitetnih stru\u010dnjaka, tim in\u017eenjera. Mi smo ugovoreni i kvalificirani podizvo\u0111a\u010di tvrtkama koje distribuiraju elektri\u010dnu energiju na na\u0161em podru\u010dju. Spremni smo realizirati va\u0161e ideje po sistemu klju\u010d u ruke, od projektiranja do pu\u0161tanja u pogon.Na\u0161a prioritetna [&hellip;]<\/p>\n","protected":false},"author":1,"featured_media":0,"parent":0,"menu_order":0,"comment_status":"closed","ping_status":"closed","template":"","meta":{"_et_pb_use_builder":"on","_et_pb_old_content":"[et_pb_section fb_built=\"1\" admin_label=\"Get in Touch\" _builder_version=\"4.25.2\" custom_padding=\"53px|0px|54px|0px|false|false\" hover_enabled=\"0\" global_colors_info=\"{}\" background_image=\"https:\/\/www.smhv.hu\/wp-content\/uploads\/2024\/07\/tervek-1.png\" sticky_enabled=\"0\"][et_pb_row _builder_version=\"4.25.2\" _module_preset=\"default\" global_colors_info=\"{}\"][et_pb_column type=\"4_4\" _builder_version=\"4.25.2\" _module_preset=\"default\" global_colors_info=\"{}\"][et_pb_text _builder_version=\"4.25.2\" _module_preset=\"default\" global_colors_info=\"{}\"]<h1>Tervez\u00e9s<\/h1>[\/et_pb_text][\/et_pb_column][\/et_pb_row][et_pb_row column_structure=\"3_5,2_5\" _builder_version=\"4.25.2\" custom_margin=\"0px||0px||true|false\" custom_padding=\"0px||||false|false\" global_colors_info=\"{}\"][et_pb_column type=\"3_5\" _builder_version=\"4.16\" custom_padding=\"|||\" global_colors_info=\"{}\" custom_padding__hover=\"|||\"][et_pb_text _builder_version=\"4.25.2\" text_font=\"||||||||\" text_font_size=\"16px\" text_line_height=\"1.8em\" header_font=\"Libre Franklin|600|||||||\" header_font_size=\"60px\" header_line_height=\"1.4em\" custom_margin=\"0px||0px||true|false\" custom_padding=\"0px||0px||true|false\" header_font_size_tablet=\"\" header_font_size_phone=\"32px\" header_font_size_last_edited=\"on|phone\" global_colors_info=\"{}\"]<p><span>Egy beruh\u00e1z\u00e1s, egy fejleszt\u00e9s <\/span><span>\u00f6tletekb\u0151l indul. C\u00e9g\u00fcnk t\u00f6bb f\u0151s villamos kiviteli tervez\u0151i m\u00e9rn\u00f6kcsoporttal rendelkezik.<\/span><br \/><span>Keretszerz\u0151d\u00f6tt \u00e9s min\u0151s\u00edtett alv\u00e1llalkoz\u00f3i vagyunk a k\u00f6rny\u00e9k\u00fcnk\u00f6n m\u0171k\u00f6d\u0151 \u00e1ramszolg\u00e1ltat\u00f3knak (E.ON, NKM, ELM\u00dc-\u00c9M\u00c1SZ).<\/span><br \/><span>V\u00e1llaljuk, hogy villamos fejleszt\u00e9si elk\u00e9pzel\u00e9seiket kulcsrak\u00e9szen megval\u00f3s\u00edtjuk a kiviteli tervez\u00e9st\u0151l az \u00fczembehelyez\u00e9sig.<\/span><\/p>[\/et_pb_text][\/et_pb_column][et_pb_column type=\"2_5\" _builder_version=\"4.16\" custom_padding=\"|||\" global_colors_info=\"{}\" custom_padding__hover=\"|||\"][et_pb_image src=\"https:\/\/www.smhv.hu\/wp-content\/uploads\/2024\/06\/tervezes.jpg\" title_text=\"tervezes\" show_in_lightbox=\"on\" _builder_version=\"4.25.2\" _module_preset=\"default\" custom_padding=\"0px||||false|false\" global_colors_info=\"{}\"][\/et_pb_image][\/et_pb_column][\/et_pb_row][et_pb_row _builder_version=\"4.25.2\" _module_preset=\"default\" custom_margin=\"0px||0px||false|false\" custom_padding=\"0px||0px||false|false\" global_colors_info=\"{}\"][et_pb_column type=\"4_4\" _builder_version=\"4.25.2\" _module_preset=\"default\" global_colors_info=\"{}\"][et_pb_text _builder_version=\"4.25.2\" _module_preset=\"default\" global_colors_info=\"{}\"]<h5>Kiemelt tervez\u00e9si ter\u00fcleteink:<\/h5>\n<ul>\n<li>fogyaszt\u00f3i csatlakoz\u00f3k tervez\u00e9se;<\/li>\n<li>k\u00f6zc\u00e9l\u00fa villamos h\u00e1l\u00f3zatok tervez\u00e9se;<\/li>\n<li>mag\u00e1n \u00e9s termel\u0151i villamos h\u00e1l\u00f3zatok tervez\u00e9se;<\/li>\n<li>naper\u0151m\u0171vek komplett kiviteli tervez\u00e9se (a k\u00f6zc\u00e9l\u00fa csatlakoz\u00e1si pont kialak\u00edt\u00e1s\u00e1t\u00f3l \u2013 a teljeshat\u00f3s\u00e1gi enged\u00e9lyez\u00e9s\u00e9vel egy\u00fctt);<\/li>\n<li>bels\u0151 villamos install\u00e1ci\u00f3s h\u00e1l\u00f3zatok tervez\u00e9se.<\/li>\n<li>k\u00f6zvil\u00e1g\u00edt\u00e1s korszer\u0171s\u00edt\u00e9s tervez\u00e9se;<\/li>\n<li>GYR rendszerekkel kapcsolatos er\u0151s\u00e1ram\u00fa tervez\u00e9si feladatok ell\u00e1t\u00e1sa.<\/li>\n<\/ul>[\/et_pb_text][\/et_pb_column][\/et_pb_row][\/et_pb_section]","_et_gb_content_width":"1080","footnotes":""},"class_list":["post-835","page","type-page","status-publish","hentry"],"_links":{"self":[{"href":"https:\/\/www.smhv.hu\/index.php?rest_route=\/wp\/v2\/pages\/835","targetHints":{"allow":["GET"]}}],"collection":[{"href":"https:\/\/www.smhv.hu\/index.php?rest_route=\/wp\/v2\/pages"}],"about":[{"href":"https:\/\/www.smhv.hu\/index.php?rest_route=\/wp\/v2\/types\/page"}],"author":[{"embeddable":true,"href":"https:\/\/www.smhv.hu\/index.php?rest_route=\/wp\/v2\/users\/1"}],"replies":[{"embeddable":true,"href":"https:\/\/www.smhv.hu\/index.php?rest_route=%2Fwp%2Fv2%2Fcomments&post=835"}],"version-history":[{"count":13,"href":"https:\/\/www.smhv.hu\/index.php?rest_route=\/wp\/v2\/pages\/835\/revisions"}],"predecessor-version":[{"id":1122,"href":"https:\/\/www.smhv.hu\/index.php?rest_route=\/wp\/v2\/pages\/835\/revisions\/1122"}],"wp:attachment":[{"href":"https:\/\/www.smhv.hu\/index.php?rest_route=%2Fwp%2Fv2%2Fmedia&parent=835"}],"curies":[{"name":"wp","href":"https:\/\/api.w.org\/{rel}","templated":true}]}}