{"id":827,"date":"2024-09-09T08:46:07","date_gmt":"2024-09-09T08:46:07","guid":{"rendered":"https:\/\/www.smhv.hu\/?page_id=827"},"modified":"2024-09-12T12:29:40","modified_gmt":"2024-09-12T12:29:40","slug":"certifikati","status":"publish","type":"page","link":"https:\/\/www.smhv.hu\/?page_id=827&lang=hr","title":{"rendered":"Certifikati"},"content":{"rendered":"<p>[et_pb_section fb_built=&#8221;1&#8243; _builder_version=&#8221;4.27.0&#8243; _module_preset=&#8221;default&#8221; background_enable_image=&#8221;off&#8221; global_colors_info=&#8221;{}&#8221;][et_pb_row _builder_version=&#8221;4.25.2&#8243; _module_preset=&#8221;default&#8221; global_colors_info=&#8221;{}&#8221;][et_pb_column type=&#8221;4_4&#8243; _builder_version=&#8221;4.25.2&#8243; _module_preset=&#8221;default&#8221; global_colors_info=&#8221;{}&#8221;][et_pb_text _builder_version=&#8221;4.27.0&#8243; _module_preset=&#8221;default&#8221; hover_enabled=&#8221;0&#8243; global_colors_info=&#8221;{}&#8221; sticky_enabled=&#8221;0&#8243;]<\/p>\n<h1><span style=\"color: #666666;\"><strong>Certifikati<\/strong><\/span><\/h1>\n<h3><span style=\"color: #666666;\">Certifikati dobiveni od stranih tvrtki<\/span><\/h3>\n<p>[\/et_pb_text][\/et_pb_column][\/et_pb_row][et_pb_row column_structure=&#8221;1_3,1_3,1_3&#8243; _builder_version=&#8221;4.25.2&#8243; _module_preset=&#8221;default&#8221; global_colors_info=&#8221;{}&#8221;][et_pb_column type=&#8221;1_3&#8243; _builder_version=&#8221;4.25.2&#8243; _module_preset=&#8221;default&#8221; global_colors_info=&#8221;{}&#8221;][et_pb_image src=&#8221;https:\/\/www.smhv.hu\/wp-content\/uploads\/2024\/08\/ISO9001.png&#8221; title_text=&#8221;ISO9001&#8243; show_in_lightbox=&#8221;on&#8221; _builder_version=&#8221;4.27.0&#8243; _module_preset=&#8221;default&#8221; global_colors_info=&#8221;{}&#8221;][\/et_pb_image][\/et_pb_column][et_pb_column type=&#8221;1_3&#8243; _builder_version=&#8221;4.25.2&#8243; _module_preset=&#8221;default&#8221; global_colors_info=&#8221;{}&#8221;][et_pb_image src=&#8221;https:\/\/www.smhv.hu\/wp-content\/uploads\/2024\/08\/ISO45001.png&#8221; title_text=&#8221;ISO45001&#8243; show_in_lightbox=&#8221;on&#8221; _builder_version=&#8221;4.27.0&#8243; _module_preset=&#8221;default&#8221; global_colors_info=&#8221;{}&#8221;][\/et_pb_image][\/et_pb_column][et_pb_column type=&#8221;1_3&#8243; _builder_version=&#8221;4.25.2&#8243; _module_preset=&#8221;default&#8221; global_colors_info=&#8221;{}&#8221;][et_pb_image src=&#8221;https:\/\/www.smhv.hu\/wp-content\/uploads\/2024\/08\/ISO14001.png&#8221; title_text=&#8221;ISO14001&#8243; show_in_lightbox=&#8221;on&#8221; _builder_version=&#8221;4.27.0&#8243; _module_preset=&#8221;default&#8221; global_colors_info=&#8221;{}&#8221;][\/et_pb_image][\/et_pb_column][\/et_pb_row][\/et_pb_section]<\/p>\n","protected":false},"excerpt":{"rendered":"<p>Certifikati Certifikati dobiveni od stranih tvrtki<\/p>\n","protected":false},"author":1,"featured_media":0,"parent":0,"menu_order":0,"comment_status":"closed","ping_status":"closed","template":"","meta":{"_et_pb_use_builder":"on","_et_pb_old_content":"[et_pb_section fb_built=\"1\" _builder_version=\"4.27.0\" _module_preset=\"default\" background_enable_image=\"off\" global_colors_info=\"{}\"][et_pb_row _builder_version=\"4.25.2\" _module_preset=\"default\" global_colors_info=\"{}\"][et_pb_column type=\"4_4\" _builder_version=\"4.25.2\" _module_preset=\"default\" global_colors_info=\"{}\"][et_pb_text _builder_version=\"4.25.2\" _module_preset=\"default\" global_colors_info=\"{}\"]<h1><strong>Tan\u00fas\u00edtv\u00e1nyok<\/strong><\/h1>\n<p>A c\u00e9g \u00e1ltal megszerzett tan\u00fas\u00edtv\u00e1nyok<\/p>[\/et_pb_text][\/et_pb_column][\/et_pb_row][et_pb_row column_structure=\"1_3,1_3,1_3\" _builder_version=\"4.25.2\" _module_preset=\"default\" global_colors_info=\"{}\"][et_pb_column type=\"1_3\" _builder_version=\"4.25.2\" _module_preset=\"default\" global_colors_info=\"{}\"][et_pb_image src=\"https:\/\/www.smhv.hu\/wp-content\/uploads\/2024\/08\/ISO9001.png\" show_in_lightbox=\"on\" _builder_version=\"4.27.0\" _module_preset=\"default\" hover_enabled=\"0\" global_colors_info=\"{}\" sticky_enabled=\"0\" title_text=\"ISO9001\"][\/et_pb_image][\/et_pb_column][et_pb_column type=\"1_3\" _builder_version=\"4.25.2\" _module_preset=\"default\" global_colors_info=\"{}\"][et_pb_image src=\"https:\/\/www.smhv.hu\/wp-content\/uploads\/2024\/08\/ISO45001.png\" show_in_lightbox=\"on\" _builder_version=\"4.27.0\" _module_preset=\"default\" hover_enabled=\"0\" global_colors_info=\"{}\" title_text=\"ISO45001\" sticky_enabled=\"0\"][\/et_pb_image][\/et_pb_column][et_pb_column type=\"1_3\" _builder_version=\"4.25.2\" _module_preset=\"default\" global_colors_info=\"{}\"][et_pb_image src=\"https:\/\/www.smhv.hu\/wp-content\/uploads\/2024\/08\/ISO14001.png\" _builder_version=\"4.27.0\" _module_preset=\"default\" title_text=\"ISO14001\" hover_enabled=\"0\" sticky_enabled=\"0\" show_in_lightbox=\"on\"][\/et_pb_image][\/et_pb_column][\/et_pb_row][\/et_pb_section]","_et_gb_content_width":"1080","footnotes":""},"class_list":["post-827","page","type-page","status-publish","hentry"],"_links":{"self":[{"href":"https:\/\/www.smhv.hu\/index.php?rest_route=\/wp\/v2\/pages\/827","targetHints":{"allow":["GET"]}}],"collection":[{"href":"https:\/\/www.smhv.hu\/index.php?rest_route=\/wp\/v2\/pages"}],"about":[{"href":"https:\/\/www.smhv.hu\/index.php?rest_route=\/wp\/v2\/types\/page"}],"author":[{"embeddable":true,"href":"https:\/\/www.smhv.hu\/index.php?rest_route=\/wp\/v2\/users\/1"}],"replies":[{"embeddable":true,"href":"https:\/\/www.smhv.hu\/index.php?rest_route=%2Fwp%2Fv2%2Fcomments&post=827"}],"version-history":[{"count":8,"href":"https:\/\/www.smhv.hu\/index.php?rest_route=\/wp\/v2\/pages\/827\/revisions"}],"predecessor-version":[{"id":1155,"href":"https:\/\/www.smhv.hu\/index.php?rest_route=\/wp\/v2\/pages\/827\/revisions\/1155"}],"wp:attachment":[{"href":"https:\/\/www.smhv.hu\/index.php?rest_route=%2Fwp%2Fv2%2Fmedia&parent=827"}],"curies":[{"name":"wp","href":"https:\/\/api.w.org\/{rel}","templated":true}]}}