{"id":34,"date":"2024-05-22T08:26:58","date_gmt":"2024-05-22T08:26:58","guid":{"rendered":"https:\/\/www.smhv.hu\/?page_id=34"},"modified":"2024-09-12T12:37:42","modified_gmt":"2024-09-12T12:37:42","slug":"kapcsolat","status":"publish","type":"page","link":"https:\/\/www.smhv.hu\/?page_id=34","title":{"rendered":"Hibabejelent\u00e9s"},"content":{"rendered":"<p>[et_pb_section fb_built=&#8221;1&#8243; admin_label=&#8221;Header&#8221; _builder_version=&#8221;4.27.0&#8243; use_background_color_gradient=&#8221;on&#8221; background_color_gradient_direction=&#8221;136deg&#8221; background_color_gradient_stops=&#8221;rgba(255,255,255,0) 84%|#ffb81c 84%&#8221; background_color_gradient_start=&#8221;rgba(255,255,255,0)&#8221; background_color_gradient_end=&#8221;#ffffff&#8221; background_color_gradient_end_position=&#8221;70%&#8221; background_image=&#8221;https:\/\/www.smhv.hu\/wp-content\/uploads\/2024\/05\/electrician_19.png&#8221; background_position=&#8221;top_right&#8221; custom_padding=&#8221;54px|0px|0|0px|false|false&#8221; global_colors_info=&#8221;{}&#8221;][et_pb_row column_structure=&#8221;1_2,1_2&#8243; module_class=&#8221;koz_cim&#8221; _builder_version=&#8221;4.27.0&#8243; custom_margin=&#8221;|||&#8221; custom_padding=&#8221;|||&#8221; locked=&#8221;off&#8221; global_colors_info=&#8221;{}&#8221;][et_pb_column type=&#8221;1_2&#8243; _builder_version=&#8221;4.16&#8243; custom_padding=&#8221;|||&#8221; global_colors_info=&#8221;{}&#8221; custom_padding__hover=&#8221;|||&#8221;][et_pb_heading title=&#8221;Hibabejelent\u00e9s&#8221; _builder_version=&#8221;4.27.0&#8243; _module_preset=&#8221;default&#8221; title_font=&#8221;|700|||||||&#8221; hover_enabled=&#8221;0&#8243; global_colors_info=&#8221;{}&#8221; title_text_color=&#8221;#666666&#8243; sticky_enabled=&#8221;0&#8243;][\/et_pb_heading][et_pb_text _builder_version=&#8221;4.27.0&#8243; text_font=&#8221;||||||||&#8221; text_line_height=&#8221;1.8em&#8221; header_font=&#8221;Libre Franklin|600|||||||&#8221; header_font_size=&#8221;60px&#8221; header_line_height=&#8221;1.4em&#8221; custom_margin=&#8221;|-38px||||&#8221; hover_enabled=&#8221;0&#8243; header_font_size_tablet=&#8221;&#8221; header_font_size_phone=&#8221;32px&#8221; header_font_size_last_edited=&#8221;on|phone&#8221; global_colors_info=&#8221;{}&#8221; sticky_enabled=&#8221;0&#8243;]<\/p>\n<h3>Telefonos hibabejelent\u0151<\/h3>\n<p>Munkat\u00e1rsunk a k\u00f6vetkez\u0151 telefonsz\u00e1mon tudja fogadni hibabejelent\u00e9s\u00e9t:<\/p>\n<p>Telefon:<span>\u00a0<\/span><a href=\"tel:0672538004\">+36\/72 538-004<\/a><\/p>\n<p>Abban az esetben, ha munkat\u00e1rsunk jelenleg nem el\u00e9rhet\u0151 \u00fczenet\u00e9t r\u00f6gz\u00edtj\u00fck!<br \/>A kapcsolatok szekci\u00f3ban megtal\u00e1lja az aktu\u00e1lis adatv\u00e9delmi t\u00e1j\u00e9koztat\u00f3nkat!<\/p>\n<p>[\/et_pb_text][et_pb_text _builder_version=&#8221;4.27.0&#8243; _module_preset=&#8221;default&#8221; hover_enabled=&#8221;0&#8243; global_colors_info=&#8221;{}&#8221; sticky_enabled=&#8221;0&#8243;]<\/p>\n<h3>Online hibabejelent\u0151<\/h3>\n<p>Az al\u00e1bbi linkre kattintva, \u00e1tir\u00e1ny\u00edtjuk a KOVIKA: K\u00f6zvil\u00e1g\u00edt\u00e1s hibabejelent\u0151 port\u00e1l lakoss\u00e1gi hibabajejelent\u0151 oldal\u00e1ra!<\/p>\n<p><a href=\"https:\/\/kozvilhiba.hu\/hibabejelentes\" target=\"_blank\" rel=\"noopener\">Lakoss\u00e1gi hibabejelent\u0151!<\/a><\/p>\n<p>[\/et_pb_text][\/et_pb_column][et_pb_column type=&#8221;1_2&#8243; _builder_version=&#8221;4.16&#8243; custom_padding=&#8221;|||&#8221; global_colors_info=&#8221;{}&#8221; custom_padding__hover=&#8221;|||&#8221;][et_pb_image src=&#8221;https:\/\/www.smhv.hu\/wp-content\/uploads\/2024\/07\/cable-4605760-scaled.jpg&#8221; _builder_version=&#8221;4.27.0&#8243; _module_preset=&#8221;default&#8221; global_colors_info=&#8221;{}&#8221;][\/et_pb_image][\/et_pb_column][\/et_pb_row][\/et_pb_section]<\/p>\n","protected":false},"excerpt":{"rendered":"<p>Telefonos hibabejelent\u0151 Munkat\u00e1rsunk a k\u00f6vetkez\u0151 telefonsz\u00e1mon tudja fogadni hibabejelent\u00e9s\u00e9t: Telefon:\u00a0+36\/72 538-004 Abban az esetben, ha munkat\u00e1rsunk jelenleg nem el\u00e9rhet\u0151 \u00fczenet\u00e9t r\u00f6gz\u00edtj\u00fck!A kapcsolatok szekci\u00f3ban megtal\u00e1lja az aktu\u00e1lis adatv\u00e9delmi t\u00e1j\u00e9koztat\u00f3nkat!Online hibabejelent\u0151 Az al\u00e1bbi linkre kattintva, \u00e1tir\u00e1ny\u00edtjuk a KOVIKA: K\u00f6zvil\u00e1g\u00edt\u00e1s hibabejelent\u0151 port\u00e1l lakoss\u00e1gi hibabajejelent\u0151 oldal\u00e1ra! Lakoss\u00e1gi hibabejelent\u0151!<\/p>\n","protected":false},"author":1,"featured_media":0,"parent":0,"menu_order":0,"comment_status":"closed","ping_status":"closed","template":"","meta":{"_et_pb_use_builder":"on","_et_pb_old_content":"","_et_gb_content_width":"","footnotes":""},"class_list":["post-34","page","type-page","status-publish","hentry"],"_links":{"self":[{"href":"https:\/\/www.smhv.hu\/index.php?rest_route=\/wp\/v2\/pages\/34","targetHints":{"allow":["GET"]}}],"collection":[{"href":"https:\/\/www.smhv.hu\/index.php?rest_route=\/wp\/v2\/pages"}],"about":[{"href":"https:\/\/www.smhv.hu\/index.php?rest_route=\/wp\/v2\/types\/page"}],"author":[{"embeddable":true,"href":"https:\/\/www.smhv.hu\/index.php?rest_route=\/wp\/v2\/users\/1"}],"replies":[{"embeddable":true,"href":"https:\/\/www.smhv.hu\/index.php?rest_route=%2Fwp%2Fv2%2Fcomments&post=34"}],"version-history":[{"count":22,"href":"https:\/\/www.smhv.hu\/index.php?rest_route=\/wp\/v2\/pages\/34\/revisions"}],"predecessor-version":[{"id":1161,"href":"https:\/\/www.smhv.hu\/index.php?rest_route=\/wp\/v2\/pages\/34\/revisions\/1161"}],"wp:attachment":[{"href":"https:\/\/www.smhv.hu\/index.php?rest_route=%2Fwp%2Fv2%2Fmedia&parent=34"}],"curies":[{"name":"wp","href":"https:\/\/api.w.org\/{rel}","templated":true}]}}