{"id":192,"date":"2024-06-21T17:25:25","date_gmt":"2024-06-21T17:25:25","guid":{"rendered":"https:\/\/www.smhv.hu\/?page_id=192"},"modified":"2024-10-07T07:36:45","modified_gmt":"2024-10-07T07:36:45","slug":"kozvilagitas-karbantartas","status":"publish","type":"page","link":"https:\/\/www.smhv.hu\/?page_id=192","title":{"rendered":"K\u00f6zvil\u00e1g\u00edt\u00e1s karbantart\u00e1s"},"content":{"rendered":"<p>[et_pb_section fb_built=&#8221;1&#8243; admin_label=&#8221;Get in Touch&#8221; _builder_version=&#8221;4.25.2&#8243; background_image=&#8221;https:\/\/www.smhv.hu\/wp-content\/uploads\/2024\/07\/kozvill.png&#8221; custom_padding=&#8221;53px|0px|54px|0px|false|false&#8221; global_colors_info=&#8221;{}&#8221;][et_pb_row module_class=&#8221;koz_cim&#8221; _builder_version=&#8221;4.27.0&#8243; _module_preset=&#8221;default&#8221; background_color=&#8221;#FFFFFF&#8221; custom_padding=&#8221;|20px|0px|20px|false|false&#8221; border_radii=&#8221;off|5px|5px||&#8221; global_colors_info=&#8221;{}&#8221;][et_pb_column type=&#8221;4_4&#8243; _builder_version=&#8221;4.25.2&#8243; _module_preset=&#8221;default&#8221; global_colors_info=&#8221;{}&#8221;][et_pb_text _builder_version=&#8221;4.27.0&#8243; _module_preset=&#8221;default&#8221; global_colors_info=&#8221;{}&#8221;]<\/p>\n<h1><strong>K\u00f6zvil\u00e1g\u00edt\u00e1s-karbantart\u00e1s<\/strong><\/h1>\n<p>[\/et_pb_text][\/et_pb_column][\/et_pb_row][et_pb_row column_structure=&#8221;3_5,2_5&#8243; _builder_version=&#8221;4.25.2&#8243; background_color=&#8221;#FFFFFF&#8221; custom_margin=&#8221;0px||0px||true|false&#8221; custom_padding=&#8221;20px|20px|20px|20px|true|true&#8221; border_radii=&#8221;off|||5px|5px&#8221; global_colors_info=&#8221;{}&#8221;][et_pb_column type=&#8221;3_5&#8243; _builder_version=&#8221;4.16&#8243; custom_padding=&#8221;|||&#8221; global_colors_info=&#8221;{}&#8221; custom_padding__hover=&#8221;|||&#8221;][et_pb_text _builder_version=&#8221;4.27.0&#8243; text_font=&#8221;||||||||&#8221; text_text_color=&#8221;#666666&#8243; text_line_height=&#8221;1.8em&#8221; header_font=&#8221;Libre Franklin|600|||||||&#8221; header_font_size=&#8221;60px&#8221; header_line_height=&#8221;1.4em&#8221; background_color=&#8221;rgba(255,255,255,0)&#8221; custom_margin=&#8221;0px||0px||true|false&#8221; custom_padding=&#8221;0px||0px||true|false&#8221; header_font_size_tablet=&#8221;&#8221; header_font_size_phone=&#8221;32px&#8221; header_font_size_last_edited=&#8221;on|phone&#8221; global_colors_info=&#8221;{}&#8221;]<\/p>\n<p style=\"text-align: justify;\">A tapasztalatok azt mutatj\u00e1k, hogy a k\u00f6zvil\u00e1g\u00edt\u00e1s karbantart\u00e1sa jelent\u0151s t\u00e9telt tesz ki az \u00f6nkorm\u00e1nyzatok k\u00f6lts\u00e9gvet\u00e9s\u00e9ben \u00e9s e k\u00f6zszolg\u00e1ltat\u00e1s finansz\u00edroz\u00e1sa olykor komoly kih\u00edv\u00e1st jelent. A k\u00f6zvil\u00e1g\u00edt\u00e1s szolg\u00e1ltat\u00e1s\u00e1t t\u00f6rv\u00e9ny \u00edrja el\u0151, amely \u00fczemeltet\u00e9se megfelel\u0151 szakmai tapasztalattal \u00e9s felk\u00e9sz\u00fclts\u00e9ggel jelent\u0151s m\u00e9rt\u00e9kben cs\u00f6kkenthet\u0151.<\/p>\n<p style=\"text-align: justify;\">C\u00e9g\u00fcnk Magyarorsz\u00e1g D\u00e9l-dun\u00e1nt\u00fali r\u00e9gi\u00f3j\u00e1ban (Baranya, Tolna, Somogy, Zala) jelent\u0151s szerepet k\u00e9pvisel a telep\u00fcl\u00e9sek k\u00f6zvil\u00e1g\u00edt\u00e1s\u00e1nak min\u0151s\u00e9gi \u00fczemeltet\u00e9s\u00e9ben. K\u00f6zel \u00f6tven f\u0151s csapatunk az \u00e9v minden napj\u00e1n rendelkez\u00e9sre \u00e1ll. Az \u00e1ltalunk kezelt k\u00f6zvil\u00e1g\u00edt\u00e1si rendszerek folyamatos ellen\u0151rz\u00e9se mellett, \u00fcgyf\u00e9lszolg\u00e1latunk \u00e9s online hibabejelent\u0151 rendszer\u00fcnk seg\u00edts\u00e9g\u00e9vel a lakoss\u00e1g is k\u00f6nnyen jelezheti fel\u00e9nk a felmer\u00fcl\u0151 hib\u00e1kat.<\/p>\n<p>[\/et_pb_text][\/et_pb_column][et_pb_column type=&#8221;2_5&#8243; _builder_version=&#8221;4.16&#8243; custom_padding=&#8221;|||&#8221; global_colors_info=&#8221;{}&#8221; custom_padding__hover=&#8221;|||&#8221;][et_pb_image src=&#8221;https:\/\/www.smhv.hu\/wp-content\/uploads\/2024\/06\/kozvilagitas-karbantartas.jpg&#8221; title_text=&#8221;kozvilagitas-karbantartas&#8221; show_in_lightbox=&#8221;on&#8221; _builder_version=&#8221;4.25.2&#8243; _module_preset=&#8221;default&#8221; custom_padding=&#8221;0px||||false|false&#8221; global_colors_info=&#8221;{}&#8221;][\/et_pb_image][\/et_pb_column][\/et_pb_row][\/et_pb_section]<\/p>\n","protected":false},"excerpt":{"rendered":"<p>K\u00f6zvil\u00e1g\u00edt\u00e1s-karbantart\u00e1sA tapasztalatok azt mutatj\u00e1k, hogy a k\u00f6zvil\u00e1g\u00edt\u00e1s karbantart\u00e1sa jelent\u0151s t\u00e9telt tesz ki az \u00f6nkorm\u00e1nyzatok k\u00f6lts\u00e9gvet\u00e9s\u00e9ben \u00e9s e k\u00f6zszolg\u00e1ltat\u00e1s finansz\u00edroz\u00e1sa olykor komoly kih\u00edv\u00e1st jelent. A k\u00f6zvil\u00e1g\u00edt\u00e1s szolg\u00e1ltat\u00e1s\u00e1t t\u00f6rv\u00e9ny \u00edrja el\u0151, amely \u00fczemeltet\u00e9se megfelel\u0151 szakmai tapasztalattal \u00e9s felk\u00e9sz\u00fclts\u00e9ggel jelent\u0151s m\u00e9rt\u00e9kben cs\u00f6kkenthet\u0151. C\u00e9g\u00fcnk Magyarorsz\u00e1g D\u00e9l-dun\u00e1nt\u00fali r\u00e9gi\u00f3j\u00e1ban (Baranya, Tolna, Somogy, Zala) jelent\u0151s szerepet k\u00e9pvisel a telep\u00fcl\u00e9sek k\u00f6zvil\u00e1g\u00edt\u00e1s\u00e1nak min\u0151s\u00e9gi \u00fczemeltet\u00e9s\u00e9ben. [&hellip;]<\/p>\n","protected":false},"author":1,"featured_media":0,"parent":0,"menu_order":0,"comment_status":"closed","ping_status":"closed","template":"","meta":{"_et_pb_use_builder":"on","_et_pb_old_content":"","_et_gb_content_width":"","footnotes":""},"class_list":["post-192","page","type-page","status-publish","hentry"],"_links":{"self":[{"href":"https:\/\/www.smhv.hu\/index.php?rest_route=\/wp\/v2\/pages\/192","targetHints":{"allow":["GET"]}}],"collection":[{"href":"https:\/\/www.smhv.hu\/index.php?rest_route=\/wp\/v2\/pages"}],"about":[{"href":"https:\/\/www.smhv.hu\/index.php?rest_route=\/wp\/v2\/types\/page"}],"author":[{"embeddable":true,"href":"https:\/\/www.smhv.hu\/index.php?rest_route=\/wp\/v2\/users\/1"}],"replies":[{"embeddable":true,"href":"https:\/\/www.smhv.hu\/index.php?rest_route=%2Fwp%2Fv2%2Fcomments&post=192"}],"version-history":[{"count":14,"href":"https:\/\/www.smhv.hu\/index.php?rest_route=\/wp\/v2\/pages\/192\/revisions"}],"predecessor-version":[{"id":1218,"href":"https:\/\/www.smhv.hu\/index.php?rest_route=\/wp\/v2\/pages\/192\/revisions\/1218"}],"wp:attachment":[{"href":"https:\/\/www.smhv.hu\/index.php?rest_route=%2Fwp%2Fv2%2Fmedia&parent=192"}],"curies":[{"name":"wp","href":"https:\/\/api.w.org\/{rel}","templated":true}]}}