{"id":182,"date":"2024-06-21T17:20:03","date_gmt":"2024-06-21T17:20:03","guid":{"rendered":"https:\/\/www.smhv.hu\/?page_id=182"},"modified":"2024-10-07T07:35:17","modified_gmt":"2024-10-07T07:35:17","slug":"kozvilagitas-modernizalas","status":"publish","type":"page","link":"https:\/\/www.smhv.hu\/?page_id=182","title":{"rendered":"K\u00f6zvil\u00e1g\u00edt\u00e1s korszer\u0171s\u00edt\u00e9s"},"content":{"rendered":"<p>[et_pb_section fb_built=&#8221;1&#8243; admin_label=&#8221;Get in Touch&#8221; _builder_version=&#8221;4.25.2&#8243; background_image=&#8221;https:\/\/www.smhv.hu\/wp-content\/uploads\/2024\/07\/kozvill.png&#8221; custom_padding=&#8221;53px|0px|54px|0px|false|false&#8221; global_colors_info=&#8221;{}&#8221;][et_pb_row module_class=&#8221;koz_cim&#8221; _builder_version=&#8221;4.27.0&#8243; _module_preset=&#8221;default&#8221; background_color=&#8221;#FFFFFF&#8221; custom_padding=&#8221;20px||0px|20px|false|false&#8221; border_radii=&#8221;off|5px|5px||&#8221; global_colors_info=&#8221;{}&#8221;][et_pb_column type=&#8221;4_4&#8243; _builder_version=&#8221;4.25.2&#8243; _module_preset=&#8221;default&#8221; global_colors_info=&#8221;{}&#8221;][et_pb_text _builder_version=&#8221;4.27.0&#8243; _module_preset=&#8221;default&#8221; text_text_color=&#8221;#666666&#8243; global_colors_info=&#8221;{}&#8221;]<\/p>\n<h1><strong>K\u00f6zvil\u00e1g\u00edt\u00e1s-korszer\u0171s\u00edt\u00e9s<\/strong><\/h1>\n<p>[\/et_pb_text][\/et_pb_column][\/et_pb_row][et_pb_row column_structure=&#8221;3_5,2_5&#8243; _builder_version=&#8221;4.25.2&#8243; background_color=&#8221;#FFFFFF&#8221; custom_margin=&#8221;0px||0px||true|false&#8221; custom_padding=&#8221;20px|20px|20px|20px|true|true&#8221; global_colors_info=&#8221;{}&#8221;][et_pb_column type=&#8221;3_5&#8243; _builder_version=&#8221;4.16&#8243; custom_padding=&#8221;|||&#8221; global_colors_info=&#8221;{}&#8221; custom_padding__hover=&#8221;|||&#8221;][et_pb_text _builder_version=&#8221;4.27.0&#8243; text_font=&#8221;||||||||&#8221; text_text_color=&#8221;#666666&#8243; text_line_height=&#8221;1.8em&#8221; header_font=&#8221;Libre Franklin|600|||||||&#8221; header_font_size=&#8221;60px&#8221; header_line_height=&#8221;1.4em&#8221; custom_margin=&#8221;0px||0px||true|false&#8221; custom_padding=&#8221;0px||0px||true|false&#8221; header_font_size_tablet=&#8221;&#8221; header_font_size_phone=&#8221;32px&#8221; header_font_size_last_edited=&#8221;on|phone&#8221; global_colors_info=&#8221;{}&#8221;]<\/p>\n<p style=\"text-align: justify;\"><span>A k\u00f6zvil\u00e1g\u00edt\u00e1s korszer\u0171s\u00edt\u00e9se a fenntarthat\u00f3s\u00e1g, a tudatoss\u00e1g \u00e9s a fejl\u0151d\u00e9s egy\u00e9rtelm\u0171 szimb\u00f3lum\u00e1v\u00e1 v\u00e1lt vil\u00e1gszerte. Eur\u00f3pai viszonylatban haz\u00e1nk is \u00e9len j\u00e1r a k\u00f6zvil\u00e1g\u00edt\u00e1s korszer\u0171s\u00edt\u00e9s ter\u00e9n. K\u00e9zenfekv\u0151 a lehet\u0151s\u00e9g, hiszen az \u00f6nkorm\u00e1nyzatok a k\u00f6zvil\u00e1g\u00edt\u00e1si energetikai korszer\u0171s\u00edt\u00e9s\u00e9vel ak\u00e1r 30-40%-os megtakar\u00edt\u00e1st is el\u00e9rhetnek, emellett nagy m\u00e9rt\u00e9kben hozz\u00e1j\u00e1rulnak az \u00e9lhet\u0151bb, modernebb t\u00e1rsadalmi k\u00f6rnyezet kialak\u00edt\u00e1s\u00e1hoz is.<\/span><\/p>\n<p style=\"text-align: justify;\"><span>Az energia\u00e1rak n\u00f6veked\u00e9s\u00e9vel p\u00e1rhuzamosan az elavult vil\u00e1g\u00edt\u00e1si berendez\u00e9sek magas \u00fczemeltet\u00e9si k\u00f6lts\u00e9gei egy\u00e9rtelm\u0171v\u00e9 tett\u00e9k, hogy a takar\u00e9koss\u00e1g \u00e9s a gazdas\u00e1goss\u00e1g d\u00f6nt\u0151en befoly\u00e1solja az \u00f6nkorm\u00e1nyzatok gazdas\u00e1gi versenyk\u00e9pess\u00e9g\u00e9t, valamint a lakoss\u00e1g sz\u00e1m\u00e1ra is el\u0151t\u00e9rbe ker\u00fclt az \u00e9lhet\u0151bb, korszer\u0171bb lak\u00f3k\u00f6rnyezet ide\u00e1lja.<\/span><\/p>\n<p>[\/et_pb_text][\/et_pb_column][et_pb_column type=&#8221;2_5&#8243; _builder_version=&#8221;4.16&#8243; custom_padding=&#8221;|||&#8221; global_colors_info=&#8221;{}&#8221; custom_padding__hover=&#8221;|||&#8221;][et_pb_image src=&#8221;https:\/\/www.smhv.hu\/wp-content\/uploads\/2024\/08\/DSC01028_2-1024&#215;683.png&#8221; title_text=&#8221;kozvilagitas-korszerusites&#8221; show_in_lightbox=&#8221;on&#8221; _builder_version=&#8221;4.27.0&#8243; _module_preset=&#8221;default&#8221; custom_padding=&#8221;0px||||false|false&#8221; global_colors_info=&#8221;{}&#8221;][\/et_pb_image][\/et_pb_column][\/et_pb_row][et_pb_row _builder_version=&#8221;4.25.2&#8243; _module_preset=&#8221;default&#8221; custom_margin=&#8221;0px||0px||false|false&#8221; custom_padding=&#8221;0px||0px||false|false&#8221; border_radii=&#8221;off|||5px|5px&#8221; global_colors_info=&#8221;{}&#8221;][et_pb_column type=&#8221;4_4&#8243; _builder_version=&#8221;4.25.2&#8243; _module_preset=&#8221;default&#8221; global_colors_info=&#8221;{}&#8221;][et_pb_text _builder_version=&#8221;4.27.0&#8243; _module_preset=&#8221;default&#8221; text_text_color=&#8221;#666666&#8243; background_color=&#8221;#FFFFFF&#8221; custom_padding=&#8221;20px|20px|20px|20px|true|true&#8221; border_radii=&#8221;on|5px|5px|5px|5px&#8221; global_colors_info=&#8221;{}&#8221;]<\/p>\n<div>\n<p>Csapatunk t\u00f6bb \u00e9ves tapasztalattal \u00e9s kimagasl\u00f3 szakmai h\u00e1tt\u00e9rrel piacvezet\u0151 szolg\u00e1ltat\u00e1st ny\u00fajt az \u00f6nkorm\u00e1nyzatok \u00e9s v\u00e1llalkoz\u00e1sok sz\u00e1m\u00e1ra.<\/p>\n<p><strong>A LED-es vil\u00e1g\u00edt\u00e1s f\u0151bb el\u0151nyei, jellemz\u0151i:<\/strong><\/p>\n<\/div>\n<ul>\n<li>rendk\u00edv\u00fcl magas, 15 \u00e9v feletti \u00e9lettartam;<\/li>\n<li>alacsony fogyaszt\u00e1s magas teljes\u00edtm\u00e9nyek mellett is;<\/li>\n<li>ak\u00e1r 125 Lm\/W f\u00e9nyteljes\u00edtm\u00e9ny;<\/li>\n<li>nincs bekapcsol\u00e1si &#8222;bemeleged\u00e9s&#8221;, folyamatosan leadja a f\u00e9nyer\u0151 100 %-\u00e1t;<\/li>\n<li>sz\u00e9les m\u0171k\u00f6d\u00e9si tartom\u00e1ny ( -40C\u00b0\u2026+50C\u00b0 );<\/li>\n<li>alacsony karbantart\u00e1si k\u00f6lts\u00e9g (nincs izz\u00f3csere).<\/li>\n<\/ul>\n<p>&nbsp;<\/p>\n<p>[\/et_pb_text][\/et_pb_column][\/et_pb_row][\/et_pb_section]<\/p>\n","protected":false},"excerpt":{"rendered":"<p>K\u00f6zvil\u00e1g\u00edt\u00e1s-korszer\u0171s\u00edt\u00e9sA k\u00f6zvil\u00e1g\u00edt\u00e1s korszer\u0171s\u00edt\u00e9se a fenntarthat\u00f3s\u00e1g, a tudatoss\u00e1g \u00e9s a fejl\u0151d\u00e9s egy\u00e9rtelm\u0171 szimb\u00f3lum\u00e1v\u00e1 v\u00e1lt vil\u00e1gszerte. Eur\u00f3pai viszonylatban haz\u00e1nk is \u00e9len j\u00e1r a k\u00f6zvil\u00e1g\u00edt\u00e1s korszer\u0171s\u00edt\u00e9s ter\u00e9n. K\u00e9zenfekv\u0151 a lehet\u0151s\u00e9g, hiszen az \u00f6nkorm\u00e1nyzatok a k\u00f6zvil\u00e1g\u00edt\u00e1si energetikai korszer\u0171s\u00edt\u00e9s\u00e9vel ak\u00e1r 30-40%-os megtakar\u00edt\u00e1st is el\u00e9rhetnek, emellett nagy m\u00e9rt\u00e9kben hozz\u00e1j\u00e1rulnak az \u00e9lhet\u0151bb, modernebb t\u00e1rsadalmi k\u00f6rnyezet kialak\u00edt\u00e1s\u00e1hoz is. Az energia\u00e1rak n\u00f6veked\u00e9s\u00e9vel p\u00e1rhuzamosan az [&hellip;]<\/p>\n","protected":false},"author":1,"featured_media":0,"parent":0,"menu_order":0,"comment_status":"closed","ping_status":"closed","template":"","meta":{"_et_pb_use_builder":"on","_et_pb_old_content":"","_et_gb_content_width":"","footnotes":""},"class_list":["post-182","page","type-page","status-publish","hentry"],"_links":{"self":[{"href":"https:\/\/www.smhv.hu\/index.php?rest_route=\/wp\/v2\/pages\/182","targetHints":{"allow":["GET"]}}],"collection":[{"href":"https:\/\/www.smhv.hu\/index.php?rest_route=\/wp\/v2\/pages"}],"about":[{"href":"https:\/\/www.smhv.hu\/index.php?rest_route=\/wp\/v2\/types\/page"}],"author":[{"embeddable":true,"href":"https:\/\/www.smhv.hu\/index.php?rest_route=\/wp\/v2\/users\/1"}],"replies":[{"embeddable":true,"href":"https:\/\/www.smhv.hu\/index.php?rest_route=%2Fwp%2Fv2%2Fcomments&post=182"}],"version-history":[{"count":20,"href":"https:\/\/www.smhv.hu\/index.php?rest_route=\/wp\/v2\/pages\/182\/revisions"}],"predecessor-version":[{"id":1217,"href":"https:\/\/www.smhv.hu\/index.php?rest_route=\/wp\/v2\/pages\/182\/revisions\/1217"}],"wp:attachment":[{"href":"https:\/\/www.smhv.hu\/index.php?rest_route=%2Fwp%2Fv2%2Fmedia&parent=182"}],"curies":[{"name":"wp","href":"https:\/\/api.w.org\/{rel}","templated":true}]}}