{"id":155,"date":"2024-06-21T17:06:37","date_gmt":"2024-06-21T17:06:37","guid":{"rendered":"https:\/\/www.smhv.hu\/?page_id=155"},"modified":"2024-09-12T12:07:10","modified_gmt":"2024-09-12T12:07:10","slug":"napelemes-rendszerek","status":"publish","type":"page","link":"https:\/\/www.smhv.hu\/?page_id=155","title":{"rendered":"Napelemes rendszerek"},"content":{"rendered":"<p>[et_pb_section fb_built=&#8221;1&#8243; admin_label=&#8221;Get in Touch&#8221; _builder_version=&#8221;4.16&#8243; custom_padding=&#8221;53px|0px|54px|0px|false|false&#8221; global_colors_info=&#8221;{}&#8221;][et_pb_row _builder_version=&#8221;4.25.2&#8243; _module_preset=&#8221;default&#8221; global_colors_info=&#8221;{}&#8221;][et_pb_column type=&#8221;4_4&#8243; _builder_version=&#8221;4.25.2&#8243; _module_preset=&#8221;default&#8221; global_colors_info=&#8221;{}&#8221;][et_pb_text _builder_version=&#8221;4.27.0&#8243; _module_preset=&#8221;default&#8221; text_text_color=&#8221;#666666&#8243; hover_enabled=&#8221;0&#8243; global_colors_info=&#8221;{}&#8221; sticky_enabled=&#8221;0&#8243;]<\/p>\n<h1><strong><span style=\"color: #666666;\">Napelemes rendszerek<\/span><\/strong><\/h1>\n<p>[\/et_pb_text][\/et_pb_column][\/et_pb_row][et_pb_row column_structure=&#8221;1_2,1_2&#8243; _builder_version=&#8221;4.25.2&#8243; custom_margin=&#8221;0px||0px||true|false&#8221; custom_padding=&#8221;0px||||false|false&#8221; global_colors_info=&#8221;{}&#8221;][et_pb_column type=&#8221;1_2&#8243; _builder_version=&#8221;4.16&#8243; custom_padding=&#8221;|||&#8221; global_colors_info=&#8221;{}&#8221; custom_padding__hover=&#8221;|||&#8221;][et_pb_text _builder_version=&#8221;4.27.0&#8243; text_font=&#8221;||||||||&#8221; text_line_height=&#8221;1.8em&#8221; header_font=&#8221;Libre Franklin|600|||||||&#8221; header_font_size=&#8221;60px&#8221; header_line_height=&#8221;1.4em&#8221; custom_margin=&#8221;0px||0px||true|false&#8221; custom_padding=&#8221;0px||0px||true|false&#8221; header_font_size_tablet=&#8221;&#8221; header_font_size_phone=&#8221;32px&#8221; header_font_size_last_edited=&#8221;on|phone&#8221; global_colors_info=&#8221;{}&#8221;]<\/p>\n<p><span>Kulcsrak\u00e9sz megold\u00e1sokat ny\u00fajtunk h\u00e1ztart\u00e1si m\u00e9ret\u0171 \u00fan. HMKE<\/span><i class=\"fas fa-search-plus\"><\/i><span>\u00a0kiser\u0151m\u0171vek \u00e9p\u00edt\u00e9s\u00e9t\u0151l kezdve a t\u00f6bb MVA teljes\u00edtm\u00e9ny\u0171 naper\u0151m\u0171 megval\u00f3s\u00edt\u00e1s\u00e1ig bez\u00e1r\u00f3lag. V\u00e1llaljuk HMKE eset\u00e9n a sz\u00fcks\u00e9ges tervez\u00e9si \u00e1ramszolg\u00e1ltat\u00f3i \u00fcgyint\u00e9z\u00e9s lebonyol\u00edt\u00e1s\u00e1t, annak komplett tervez\u00e9s\u00e9t \u00e9s kivitelez\u00e9s\u00e9t.<\/span><\/p>\n<p>[\/et_pb_text][\/et_pb_column][et_pb_column type=&#8221;1_2&#8243; _builder_version=&#8221;4.16&#8243; custom_padding=&#8221;|||&#8221; global_colors_info=&#8221;{}&#8221; custom_padding__hover=&#8221;|||&#8221;][et_pb_text _builder_version=&#8221;4.27.0&#8243; _module_preset=&#8221;default&#8221; text_text_color=&#8221;#666666&#8243; hover_enabled=&#8221;0&#8243; global_colors_info=&#8221;{}&#8221; sticky_enabled=&#8221;0&#8243;]<\/p>\n<h5><strong><span style=\"color: #666666;\">Naper\u0151m\u0171vek eset\u00e9ben teljesk\u00f6r\u0171 szolg\u00e1ltat\u00e1st ny\u00fajtunk:<\/span><\/strong><\/h5>\n<ul>\n<li>naper\u0151m\u0171 \u00e9s termel\u0151i vezet\u00e9k enged\u00e9lyeztet\u00e9se, kivitelez\u00e9se;<\/li>\n<li>k\u00f6zc\u00e9l\u00fa csatlakoz\u00e1si pont kialak\u00edt\u00e1sa;<\/li>\n<li>m\u00e9r\u00e9si tervek k\u00e9sz\u00edt\u00e9se;<\/li>\n<li>csatlakoz\u00e1si terv k\u00e9sz\u00edt\u00e9se;<\/li>\n<li>\u00fczembe helyez\u00e9s lebonyol\u00edt\u00e1sa;<\/li>\n<li>ellen\u0151rz\u0151 m\u00e9r\u00e9sek elv\u00e9gz\u00e9se.<\/li>\n<\/ul>\n<p>[\/et_pb_text][\/et_pb_column][\/et_pb_row][et_pb_row _builder_version=&#8221;4.27.0&#8243; _module_preset=&#8221;default&#8221; width=&#8221;100%&#8221; max_width=&#8221;70%&#8221; global_colors_info=&#8221;{}&#8221;][et_pb_column type=&#8221;4_4&#8243; _builder_version=&#8221;4.27.0&#8243; _module_preset=&#8221;default&#8221; global_colors_info=&#8221;{}&#8221;][et_pb_code module_class=&#8221;promo-video&#8221; _builder_version=&#8221;4.27.0&#8243; _module_preset=&#8221;default&#8221; background_enable_video_mp4=&#8221;off&#8221; min_height=&#8221;400px&#8221; global_colors_info=&#8221;{}&#8221;]<video id=\"promo-video\" autoplay loop muted><!-- [et_pb_line_break_holder] --><source src=\"https:\/\/www.smhv.hu\/wp-content\/uploads\/2024\/07\/SMHV-PV-promo.mp4\" type=\"video\/mp4\"><!-- [et_pb_line_break_holder] --><\/video>[\/et_pb_code][\/et_pb_column][\/et_pb_row][\/et_pb_section]<\/p>\n","protected":false},"excerpt":{"rendered":"<p>Napelemes rendszerekKulcsrak\u00e9sz megold\u00e1sokat ny\u00fajtunk h\u00e1ztart\u00e1si m\u00e9ret\u0171 \u00fan. HMKE\u00a0kiser\u0151m\u0171vek \u00e9p\u00edt\u00e9s\u00e9t\u0151l kezdve a t\u00f6bb MVA teljes\u00edtm\u00e9ny\u0171 naper\u0151m\u0171 megval\u00f3s\u00edt\u00e1s\u00e1ig bez\u00e1r\u00f3lag. V\u00e1llaljuk HMKE eset\u00e9n a sz\u00fcks\u00e9ges tervez\u00e9si \u00e1ramszolg\u00e1ltat\u00f3i \u00fcgyint\u00e9z\u00e9s lebonyol\u00edt\u00e1s\u00e1t, annak komplett tervez\u00e9s\u00e9t \u00e9s kivitelez\u00e9s\u00e9t.Naper\u0151m\u0171vek eset\u00e9ben teljesk\u00f6r\u0171 szolg\u00e1ltat\u00e1st ny\u00fajtunk: naper\u0151m\u0171 \u00e9s termel\u0151i vezet\u00e9k enged\u00e9lyeztet\u00e9se, kivitelez\u00e9se; k\u00f6zc\u00e9l\u00fa csatlakoz\u00e1si pont kialak\u00edt\u00e1sa; m\u00e9r\u00e9si tervek k\u00e9sz\u00edt\u00e9se; csatlakoz\u00e1si terv k\u00e9sz\u00edt\u00e9se; \u00fczembe helyez\u00e9s lebonyol\u00edt\u00e1sa; ellen\u0151rz\u0151 [&hellip;]<\/p>\n","protected":false},"author":1,"featured_media":0,"parent":0,"menu_order":0,"comment_status":"closed","ping_status":"closed","template":"","meta":{"_et_pb_use_builder":"on","_et_pb_old_content":"","_et_gb_content_width":"","footnotes":""},"class_list":["post-155","page","type-page","status-publish","hentry"],"_links":{"self":[{"href":"https:\/\/www.smhv.hu\/index.php?rest_route=\/wp\/v2\/pages\/155","targetHints":{"allow":["GET"]}}],"collection":[{"href":"https:\/\/www.smhv.hu\/index.php?rest_route=\/wp\/v2\/pages"}],"about":[{"href":"https:\/\/www.smhv.hu\/index.php?rest_route=\/wp\/v2\/types\/page"}],"author":[{"embeddable":true,"href":"https:\/\/www.smhv.hu\/index.php?rest_route=\/wp\/v2\/users\/1"}],"replies":[{"embeddable":true,"href":"https:\/\/www.smhv.hu\/index.php?rest_route=%2Fwp%2Fv2%2Fcomments&post=155"}],"version-history":[{"count":16,"href":"https:\/\/www.smhv.hu\/index.php?rest_route=\/wp\/v2\/pages\/155\/revisions"}],"predecessor-version":[{"id":1133,"href":"https:\/\/www.smhv.hu\/index.php?rest_route=\/wp\/v2\/pages\/155\/revisions\/1133"}],"wp:attachment":[{"href":"https:\/\/www.smhv.hu\/index.php?rest_route=%2Fwp%2Fv2%2Fmedia&parent=155"}],"curies":[{"name":"wp","href":"https:\/\/api.w.org\/{rel}","templated":true}]}}