{"id":132,"date":"2024-06-21T16:41:41","date_gmt":"2024-06-21T16:41:41","guid":{"rendered":"https:\/\/www.smhv.hu\/?page_id=132"},"modified":"2024-10-07T07:34:29","modified_gmt":"2024-10-07T07:34:29","slug":"villamos-halozatepites","status":"publish","type":"page","link":"https:\/\/www.smhv.hu\/?page_id=132","title":{"rendered":"Villamos h\u00e1l\u00f3zat\u00e9p\u00edt\u00e9s"},"content":{"rendered":"<p>[et_pb_section fb_built=&#8221;1&#8243; admin_label=&#8221;Get in Touch&#8221; _builder_version=&#8221;4.27.0&#8243; background_image=&#8221;https:\/\/www.smhv.hu\/wp-content\/uploads\/2024\/07\/technology-8280863-scaled.jpg&#8221; custom_padding=&#8221;53px|0px|54px|0px|false|false&#8221; global_colors_info=&#8221;{}&#8221;][et_pb_row column_structure=&#8221;1_2,1_2&#8243; module_id=&#8221;vill_hal_ep&#8221; _builder_version=&#8221;4.27.0&#8243; background_color=&#8221;#FFFFFF&#8221; background_enable_image=&#8221;off&#8221; custom_margin=&#8221;0px||0px||true|false&#8221; custom_padding=&#8221;20px|20px||20px|false|true&#8221; custom_css_free_form=&#8221;#vill_hal_ep h1, h2, h3, h4{||  color: #666 !important;||}&#8221; border_radii=&#8221;on|5px|5px|5px|5px&#8221; global_colors_info=&#8221;{}&#8221;][et_pb_column type=&#8221;1_2&#8243; _builder_version=&#8221;4.16&#8243; custom_padding=&#8221;|||&#8221; global_colors_info=&#8221;{}&#8221; custom_padding__hover=&#8221;|||&#8221;][et_pb_text _builder_version=&#8221;4.27.0&#8243; text_font=&#8221;||||||||&#8221; text_text_color=&#8221;#666666&#8243; text_line_height=&#8221;1.8em&#8221; header_font=&#8221;Libre Franklin|600|||||||&#8221; header_text_color=&#8221;#666666&#8243; header_font_size=&#8221;60px&#8221; header_line_height=&#8221;1.4em&#8221; custom_margin=&#8221;0px||0px||true|false&#8221; custom_padding=&#8221;0px||0px||true|false&#8221; header_font_size_tablet=&#8221;&#8221; header_font_size_phone=&#8221;32px&#8221; header_font_size_last_edited=&#8221;on|phone&#8221; global_colors_info=&#8221;{}&#8221;]<\/p>\n<h2><strong>Villamos h\u00e1l\u00f3zat\u00e9p\u00edt\u00e9s<\/strong><\/h2>\n<p><strong><\/strong><\/p>\n<p style=\"text-align: justify;\"><span>C\u00e9g\u00fcnk alaptev\u00e9kenys\u00e9ge k\u00f6z\u00e9 tartozik k\u00fcl\u00f6nb\u00f6z\u0151 kis- \u00e9s k\u00f6z\u00e9pfesz\u00fclts\u00e9g\u0171 villamos h\u00e1l\u00f3zatok, rendszerek ki\u00e9p\u00edt\u00e9se, \u00fczembe helyez\u00e9se. Min\u0151s\u00edtett v\u00e1llalkoz\u00f3i vagyunk az orsz\u00e1gban jelenleg m\u0171k\u00f6d\u0151 \u00f6sszes \u00e1ramszolg\u00e1ltat\u00f3nak. Szerel\u0151i \u00e1llom\u00e1nyunk magas k\u00e9pzetts\u00e9ge, kiterjedt eszk\u00f6zparkunk, \u00e1ramszolg\u00e1ltat\u00f3i min\u0151s\u00edt\u00e9seink, keretszerz\u0151d\u00e9seink lehet\u0151s\u00e9get biztos\u00edtanak arra, hogy megrendel\u0151ink r\u00e9sz\u00e9re komplex kivitelez\u00e9si szolg\u00e1ltat\u00e1st ny\u00fajtsunk a f\u00f6ldmunk\u00e1t\u00f3l eg\u00e9szen a berendez\u00e9sek \u00fczembe helyez\u00e9s\u00e9ig.<\/span><\/p>\n<p>[\/et_pb_text][et_pb_text _builder_version=&#8221;4.27.0&#8243; _module_preset=&#8221;default&#8221; text_text_color=&#8221;#666666&#8243; header_text_color=&#8221;#666666&#8243; custom_margin=&#8221;28px||||false|false&#8221; custom_padding=&#8221;||||false|false&#8221; global_colors_info=&#8221;{}&#8221;]<\/p>\n<h2><strong>Kiemelt kivitelez\u00e9si ter\u00fcleteink:<\/strong><\/h2>\n<p>&nbsp;<\/p>\n<h4><strong>\u00c1ramszolg\u00e1ltat\u00f3i h\u00e1l\u00f3zatok \u00e9p\u00edt\u00e9se<\/strong><\/h4>\n<div class=\"tm-middle uk-grid\" data-uk-grid-match=\"\" data-uk-grid-margin=\"\">\n<div class=\"tm-main uk-width-medium-1-2 uk-row-first\">\n<p>H\u00e1l\u00f3zati Enged\u00e9lyesek r\u00e9sz\u00e9re keretmeg\u00e1llapod\u00e1sok alapj\u00e1n kis-<br \/>\u00e9s k\u00f6z\u00e9pfesz\u00fclts\u00e9g\u0171 h\u00e1l\u00f3zatok \u00e9p\u00edt\u00e9se.<\/p>\n<\/div>\n<\/div>\n<p>[\/et_pb_text][\/et_pb_column][et_pb_column type=&#8221;1_2&#8243; _builder_version=&#8221;4.16&#8243; custom_padding=&#8221;|||&#8221; global_colors_info=&#8221;{}&#8221; custom_padding__hover=&#8221;|||&#8221;][et_pb_text _builder_version=&#8221;4.27.0&#8243; _module_preset=&#8221;default&#8221; text_text_color=&#8221;#666666&#8243; global_colors_info=&#8221;{}&#8221;]<\/p>\n<h3 style=\"text-align: left;\"><strong>GYR rendszer l\u00e9tes\u00edt\u00e9se miatt sz\u00fcks\u00e9ges alkalmass\u00e1 t\u00e9teli munk\u00e1k<\/strong><\/h3>\n<p style=\"text-align: justify;\">C\u00e9g\u00fcnk t\u00f6bb \u00e9ves tapasztalattal rendelkezik k\u00fcl\u00f6nb\u00f6z\u0151 gyenge\u00e1ram\u00fa rendszerek l\u00e9tes\u00edt\u00e9se miatt sz\u00fcks\u00e9ges \u00e1ramszolg\u00e1ltat\u00f3i h\u00e1l\u00f3zatok szabv\u00e1nyos\u00edt\u00e1sa tekintet\u00e9ben. Ig\u00e9ny szerint ak\u00e1r kulcsrak\u00e9sz projekteket k\u00e9sz\u00edt\u00fcnk a GYR l\u00e9tes\u00edt\u0151 partnereink r\u00e9sz\u00e9re. V\u00e1llaljuk az ig\u00e9nybev\u00e9telre kijel\u00f6lt h\u00e1l\u00f3zatszakaszok felm\u00e9r\u00e9s\u00e9t, a d\u00f6nt\u00e9s el\u0151k\u00e9sz\u00edt\u00e9shez sz\u00fcks\u00e9ges k\u00f6lts\u00e9gbecsl\u00e9sek elk\u00e9sz\u00edt\u00e9s\u00e9t, elhelyez\u00e9si \u00e9s alkalmass\u00e1 t\u00e9teli tervek, valamint kivitelez\u00e9si munk\u00e1k elv\u00e9gz\u00e9s\u00e9t. T\u00e1rsas\u00e1gunk FAM min\u0151s\u00edt\u00e9seinek k\u00f6sz\u00f6nhet\u0151en foglalkozik GYR tart\u00f3 felszerel\u00e9sekkel \u00e9s ezen tart\u00f3szerkezetek \u00e9rint\u00e9sv\u00e9delmi bek\u00f6t\u00e9seinek elk\u00e9sz\u00edt\u00e9s\u00e9vel is.<\/p>\n<p>[\/et_pb_text][et_pb_text _builder_version=&#8221;4.27.0&#8243; _module_preset=&#8221;default&#8221; text_text_color=&#8221;#666666&#8243; global_colors_info=&#8221;{}&#8221;]<\/p>\n<h3 style=\"text-align: left;\"><strong>Infrastrukt\u00fara \u00e9p\u00edt\u00e9s miatti villamos szerel\u00e9si munk\u00e1k<\/strong><\/h3>\n<p style=\"text-align: justify;\">T\u00e1rsas\u00e1gunk t\u00f6bb orsz\u00e1gos jelent\u0151s\u00e9g\u0171 \u00fat- \u00e9s vas\u00fat \u00e9p\u00edt\u00e9si munka sor\u00e1n bizony\u00edtott m\u00e1r, mint szak\u00e1gi alv\u00e1llalkoz\u00f3. Munk\u00e1ink jellemz\u0151en k\u00fcl\u00f6nb\u00f6z\u0151 k\u00f6zc\u00e9l\u00fa er\u0151s\u00e1ram\u00fa berendez\u00e9sek kiv\u00e1lt\u00e1sa, \u00e9p\u00edt\u00e9se, \u00fczemi berendez\u00e9sek villamos energia ell\u00e1t\u00e1sa (pl. \u00fczemi h\u00edrk\u00f6zl\u00e9s, vas\u00fati biztos\u00edt\u00f3 berendez\u00e9s), valamint vas\u00fati t\u00e9rvil\u00e1g\u00edt\u00e1s tervez\u00e9se \u00e9s \u00e9p\u00edt\u00e9se.<\/p>\n<p>[\/et_pb_text][\/et_pb_column][\/et_pb_row][\/et_pb_section]<\/p>\n","protected":false},"excerpt":{"rendered":"<p>Villamos h\u00e1l\u00f3zat\u00e9p\u00edt\u00e9s C\u00e9g\u00fcnk alaptev\u00e9kenys\u00e9ge k\u00f6z\u00e9 tartozik k\u00fcl\u00f6nb\u00f6z\u0151 kis- \u00e9s k\u00f6z\u00e9pfesz\u00fclts\u00e9g\u0171 villamos h\u00e1l\u00f3zatok, rendszerek ki\u00e9p\u00edt\u00e9se, \u00fczembe helyez\u00e9se. Min\u0151s\u00edtett v\u00e1llalkoz\u00f3i vagyunk az orsz\u00e1gban jelenleg m\u0171k\u00f6d\u0151 \u00f6sszes \u00e1ramszolg\u00e1ltat\u00f3nak. Szerel\u0151i \u00e1llom\u00e1nyunk magas k\u00e9pzetts\u00e9ge, kiterjedt eszk\u00f6zparkunk, \u00e1ramszolg\u00e1ltat\u00f3i min\u0151s\u00edt\u00e9seink, keretszerz\u0151d\u00e9seink lehet\u0151s\u00e9get biztos\u00edtanak arra, hogy megrendel\u0151ink r\u00e9sz\u00e9re komplex kivitelez\u00e9si szolg\u00e1ltat\u00e1st ny\u00fajtsunk a f\u00f6ldmunk\u00e1t\u00f3l eg\u00e9szen a berendez\u00e9sek \u00fczembe helyez\u00e9s\u00e9ig.Kiemelt kivitelez\u00e9si ter\u00fcleteink: &nbsp; \u00c1ramszolg\u00e1ltat\u00f3i [&hellip;]<\/p>\n","protected":false},"author":1,"featured_media":0,"parent":0,"menu_order":0,"comment_status":"closed","ping_status":"closed","template":"","meta":{"_et_pb_use_builder":"on","_et_pb_old_content":"","_et_gb_content_width":"","footnotes":""},"class_list":["post-132","page","type-page","status-publish","hentry"],"_links":{"self":[{"href":"https:\/\/www.smhv.hu\/index.php?rest_route=\/wp\/v2\/pages\/132","targetHints":{"allow":["GET"]}}],"collection":[{"href":"https:\/\/www.smhv.hu\/index.php?rest_route=\/wp\/v2\/pages"}],"about":[{"href":"https:\/\/www.smhv.hu\/index.php?rest_route=\/wp\/v2\/types\/page"}],"author":[{"embeddable":true,"href":"https:\/\/www.smhv.hu\/index.php?rest_route=\/wp\/v2\/users\/1"}],"replies":[{"embeddable":true,"href":"https:\/\/www.smhv.hu\/index.php?rest_route=%2Fwp%2Fv2%2Fcomments&post=132"}],"version-history":[{"count":26,"href":"https:\/\/www.smhv.hu\/index.php?rest_route=\/wp\/v2\/pages\/132\/revisions"}],"predecessor-version":[{"id":1215,"href":"https:\/\/www.smhv.hu\/index.php?rest_route=\/wp\/v2\/pages\/132\/revisions\/1215"}],"wp:attachment":[{"href":"https:\/\/www.smhv.hu\/index.php?rest_route=%2Fwp%2Fv2%2Fmedia&parent=132"}],"curies":[{"name":"wp","href":"https:\/\/api.w.org\/{rel}","templated":true}]}}