{"id":1224,"date":"2024-11-21T14:15:35","date_gmt":"2024-11-21T14:15:35","guid":{"rendered":"https:\/\/www.smhv.hu\/?page_id=1224"},"modified":"2025-01-28T06:21:29","modified_gmt":"2025-01-28T06:21:29","slug":"gepberles","status":"publish","type":"page","link":"https:\/\/www.smhv.hu\/?page_id=1224","title":{"rendered":"G\u00e9pb\u00e9rl\u00e9s"},"content":{"rendered":"<p>[et_pb_section fb_built=&#8221;1&#8243; _builder_version=&#8221;4.16&#8243; global_colors_info=&#8221;{}&#8221;][et_pb_row _builder_version=&#8221;4.16&#8243; background_size=&#8221;initial&#8221; background_position=&#8221;top_left&#8221; background_repeat=&#8221;repeat&#8221; global_colors_info=&#8221;{}&#8221;][et_pb_column type=&#8221;4_4&#8243; _builder_version=&#8221;4.16&#8243; custom_padding=&#8221;|||&#8221; global_colors_info=&#8221;{}&#8221; custom_padding__hover=&#8221;|||&#8221;][et_pb_text _builder_version=&#8221;4.27.4&#8243; background_size=&#8221;initial&#8221; background_position=&#8221;top_left&#8221; background_repeat=&#8221;repeat&#8221; hover_enabled=&#8221;0&#8243; global_colors_info=&#8221;{}&#8221; sticky_enabled=&#8221;0&#8243;]<\/p>\n<p><!-- divi:gallery {\"linkTo\":\"none\",\"sizeSlug\":\"full\"} --><\/p>\n<figure class=\"wp-block-gallery has-nested-images columns-default is-cropped\"><!-- divi:image {\"id\":1320,\"sizeSlug\":\"full\",\"linkDestination\":\"none\"} --><\/p>\n<figure class=\"wp-block-image size-full\"><img loading=\"lazy\" decoding=\"async\" width=\"1414\" height=\"2000\" src=\"https:\/\/www.smhv.hu\/wp-content\/uploads\/2025\/01\/1.jpg\" alt=\"\" class=\"wp-image-1320\" srcset=\"https:\/\/www.smhv.hu\/wp-content\/uploads\/2025\/01\/1.jpg 1414w, https:\/\/www.smhv.hu\/wp-content\/uploads\/2025\/01\/1-1280x1810.jpg 1280w, https:\/\/www.smhv.hu\/wp-content\/uploads\/2025\/01\/1-980x1386.jpg 980w, https:\/\/www.smhv.hu\/wp-content\/uploads\/2025\/01\/1-480x679.jpg 480w\" sizes=\"(min-width: 0px) and (max-width: 480px) 480px, (min-width: 481px) and (max-width: 980px) 980px, (min-width: 981px) and (max-width: 1280px) 1280px, (min-width: 1281px) 1414px, 100vw\" \/><\/figure>\n<p><!-- \/divi:image --><\/p>\n<p><!-- divi:image {\"id\":1321,\"sizeSlug\":\"full\",\"linkDestination\":\"none\"} --><\/p>\n<figure class=\"wp-block-image size-full\"><img loading=\"lazy\" decoding=\"async\" width=\"1414\" height=\"2000\" src=\"https:\/\/www.smhv.hu\/wp-content\/uploads\/2025\/01\/2.jpg\" alt=\"\" class=\"wp-image-1321\" srcset=\"https:\/\/www.smhv.hu\/wp-content\/uploads\/2025\/01\/2.jpg 1414w, https:\/\/www.smhv.hu\/wp-content\/uploads\/2025\/01\/2-1280x1810.jpg 1280w, https:\/\/www.smhv.hu\/wp-content\/uploads\/2025\/01\/2-980x1386.jpg 980w, https:\/\/www.smhv.hu\/wp-content\/uploads\/2025\/01\/2-480x679.jpg 480w\" sizes=\"(min-width: 0px) and (max-width: 480px) 480px, (min-width: 481px) and (max-width: 980px) 980px, (min-width: 981px) and (max-width: 1280px) 1280px, (min-width: 1281px) 1414px, 100vw\" \/><\/figure>\n<p><!-- \/divi:image --><\/p>\n<\/figure>\n<p><!-- \/divi:gallery --><\/p>\n<p>[\/et_pb_text][\/et_pb_column][\/et_pb_row][\/et_pb_section]<\/p>\n","protected":false},"excerpt":{"rendered":"","protected":false},"author":1,"featured_media":0,"parent":0,"menu_order":0,"comment_status":"closed","ping_status":"closed","template":"","meta":{"_et_pb_use_builder":"on","_et_pb_old_content":"<!-- wp:gallery {\"linkTo\":\"none\",\"sizeSlug\":\"full\"} -->\n<figure class=\"wp-block-gallery has-nested-images columns-default is-cropped\"><!-- wp:image {\"id\":1320,\"sizeSlug\":\"full\",\"linkDestination\":\"none\"} -->\n<figure class=\"wp-block-image size-full\"><img src=\"https:\/\/www.smhv.hu\/wp-content\/uploads\/2025\/01\/1.jpg\" alt=\"\" class=\"wp-image-1320\"\/><\/figure>\n<!-- \/wp:image -->\n\n<!-- wp:image {\"id\":1321,\"sizeSlug\":\"full\",\"linkDestination\":\"none\"} -->\n<figure class=\"wp-block-image size-full\"><img src=\"https:\/\/www.smhv.hu\/wp-content\/uploads\/2025\/01\/2.jpg\" alt=\"\" class=\"wp-image-1321\"\/><\/figure>\n<!-- \/wp:image --><\/figure>\n<!-- \/wp:gallery -->","_et_gb_content_width":"","footnotes":""},"class_list":["post-1224","page","type-page","status-publish","hentry"],"_links":{"self":[{"href":"https:\/\/www.smhv.hu\/index.php?rest_route=\/wp\/v2\/pages\/1224","targetHints":{"allow":["GET"]}}],"collection":[{"href":"https:\/\/www.smhv.hu\/index.php?rest_route=\/wp\/v2\/pages"}],"about":[{"href":"https:\/\/www.smhv.hu\/index.php?rest_route=\/wp\/v2\/types\/page"}],"author":[{"embeddable":true,"href":"https:\/\/www.smhv.hu\/index.php?rest_route=\/wp\/v2\/users\/1"}],"replies":[{"embeddable":true,"href":"https:\/\/www.smhv.hu\/index.php?rest_route=%2Fwp%2Fv2%2Fcomments&post=1224"}],"version-history":[{"count":69,"href":"https:\/\/www.smhv.hu\/index.php?rest_route=\/wp\/v2\/pages\/1224\/revisions"}],"predecessor-version":[{"id":1328,"href":"https:\/\/www.smhv.hu\/index.php?rest_route=\/wp\/v2\/pages\/1224\/revisions\/1328"}],"wp:attachment":[{"href":"https:\/\/www.smhv.hu\/index.php?rest_route=%2Fwp%2Fv2%2Fmedia&parent=1224"}],"curies":[{"name":"wp","href":"https:\/\/api.w.org\/{rel}","templated":true}]}}