{"id":1048,"date":"2024-09-10T08:30:53","date_gmt":"2024-09-10T08:30:53","guid":{"rendered":"https:\/\/www.smhv.hu\/?page_id=1048"},"modified":"2024-09-12T12:05:59","modified_gmt":"2024-09-12T12:05:59","slug":"power-grid-construction","status":"publish","type":"page","link":"https:\/\/www.smhv.hu\/?page_id=1048&lang=en","title":{"rendered":"Power grid construction"},"content":{"rendered":"<p>[et_pb_section fb_built=&#8221;1&#8243; admin_label=&#8221;Get in Touch&#8221; _builder_version=&#8221;4.27.0&#8243; background_image=&#8221;https:\/\/www.smhv.hu\/wp-content\/uploads\/2024\/07\/technology-8280863-scaled.jpg&#8221; custom_padding=&#8221;53px|0px|54px|0px|false|false&#8221; global_colors_info=&#8221;{}&#8221;][et_pb_row column_structure=&#8221;1_2,1_2&#8243; module_id=&#8221;vill_hal_ep&#8221; _builder_version=&#8221;4.27.0&#8243; background_color=&#8221;#FFFFFF&#8221; background_enable_image=&#8221;off&#8221; custom_margin=&#8221;0px||0px||true|false&#8221; custom_padding=&#8221;20px|20px||20px|false|true&#8221; custom_css_free_form=&#8221;#vill_hal_ep h1, h2, h3, h4{||  color: #666 !important;||}&#8221; border_radii=&#8221;off|||5px|5px&#8221; global_colors_info=&#8221;{}&#8221;][et_pb_column type=&#8221;1_2&#8243; _builder_version=&#8221;4.16&#8243; custom_padding=&#8221;|||&#8221; global_colors_info=&#8221;{}&#8221; custom_padding__hover=&#8221;|||&#8221;][et_pb_text _builder_version=&#8221;4.27.0&#8243; text_font=&#8221;||||||||&#8221; text_text_color=&#8221;#666666&#8243; text_line_height=&#8221;1.8em&#8221; header_font=&#8221;Libre Franklin|600|||||||&#8221; header_text_color=&#8221;#666666&#8243; header_font_size=&#8221;60px&#8221; header_line_height=&#8221;1.4em&#8221; custom_margin=&#8221;0px||0px||true|false&#8221; custom_padding=&#8221;0px||0px||true|false&#8221; hover_enabled=&#8221;0&#8243; header_font_size_tablet=&#8221;&#8221; header_font_size_phone=&#8221;32px&#8221; header_font_size_last_edited=&#8221;on|phone&#8221; global_colors_info=&#8221;{}&#8221; sticky_enabled=&#8221;0&#8243;]<\/p>\n<h2><strong>Power grid construction<\/strong><\/h2>\n<p><strong><\/strong><\/p>\n<p style=\"text-align: justify;\">The core activity of our company is the installation, implementation of various low and medium voltage electrical networks and systems. We are qualified entrepreneurs of all electricity suppliers currently operating in Hungary (E.ON, NKM, ELM\u00dc-\u00c9M\u00c1SZ). The high qualification of our colleagues, our extensive fleet of equipment, our power supplier qualifications and our framework contracts allow us to provide our customers with a complex offer.<\/p>\n<p>[\/et_pb_text][et_pb_text _builder_version=&#8221;4.27.0&#8243; _module_preset=&#8221;default&#8221; text_text_color=&#8221;#666666&#8243; header_text_color=&#8221;#666666&#8243; custom_margin=&#8221;28px||||false|false&#8221; custom_padding=&#8221;||||false|false&#8221; hover_enabled=&#8221;0&#8243; global_colors_info=&#8221;{}&#8221; sticky_enabled=&#8221;0&#8243;]<\/p>\n<h2><strong>Our main areas of\u00a0 implementation:<\/strong><\/h2>\n<p>&nbsp;<\/p>\n<div class=\"tm-middle uk-grid\" data-uk-grid-match=\"\" data-uk-grid-margin=\"\">\n<div class=\"tm-main uk-width-medium-1-2 uk-row-first\">\n<h4><strong>Construction of supplier power grids<\/strong><\/h4>\n<p>Construction of low and medium voltage networks for Power grid<br \/>Licensees under framework agreements.<\/p>\n<\/div>\n<\/div>\n<p>[\/et_pb_text][\/et_pb_column][et_pb_column type=&#8221;1_2&#8243; _builder_version=&#8221;4.16&#8243; custom_padding=&#8221;|||&#8221; global_colors_info=&#8221;{}&#8221; custom_padding__hover=&#8221;|||&#8221;][et_pb_text _builder_version=&#8221;4.27.0&#8243; _module_preset=&#8221;default&#8221; text_text_color=&#8221;#666666&#8243; global_colors_info=&#8221;{}&#8221;]<\/p>\n<h3><strong>Construction of low and medium voltage adaptation work required for setting up a low voltage system<\/strong><\/h3>\n<p style=\"text-align: justify;\">Our company has many years of experience in standardizing the power supply grids required for different low-voltage systems. We undertake the survey of the network sections designated for use, the preparation of the cost-estimates necessary for the decision, the execution of the placement and adaptation plans. Thanks to our FAM (under-voltage) working certifications our company also has offer for low-voltage bracket equipment installation and touch-protection connections for these brackets.<\/p>\n<p>[\/et_pb_text][et_pb_text _builder_version=&#8221;4.27.0&#8243; _module_preset=&#8221;default&#8221; text_text_color=&#8221;#666666&#8243; global_colors_info=&#8221;{}&#8221;]<\/p>\n<h3><strong>Electrical installation work for infrastructure construction<\/strong><\/h3>\n<p class=\"tm-main uk-width-medium-1-2 uk-row-first\">Our company has proven itself as a subcontractor in several road and railway construction works of hungarian national importance. Our work typically involves the replacement and construction of various public utility power equipment, the supply of electrical power to operational equipment (eg, industrial communications, railway safety equipment), and the design and construction of railroad lighting.<\/p>\n<p>[\/et_pb_text][\/et_pb_column][\/et_pb_row][\/et_pb_section]<\/p>\n","protected":false},"excerpt":{"rendered":"<p>Power grid construction The core activity of our company is the installation, implementation of various low and medium voltage electrical networks and systems. We are qualified entrepreneurs of all electricity suppliers currently operating in Hungary (E.ON, NKM, ELM\u00dc-\u00c9M\u00c1SZ). The high qualification of our colleagues, our extensive fleet of equipment, our power supplier qualifications and our [&hellip;]<\/p>\n","protected":false},"author":1,"featured_media":0,"parent":0,"menu_order":0,"comment_status":"closed","ping_status":"closed","template":"","meta":{"_et_pb_use_builder":"on","_et_pb_old_content":"","_et_gb_content_width":"","footnotes":""},"class_list":["post-1048","page","type-page","status-publish","hentry"],"_links":{"self":[{"href":"https:\/\/www.smhv.hu\/index.php?rest_route=\/wp\/v2\/pages\/1048","targetHints":{"allow":["GET"]}}],"collection":[{"href":"https:\/\/www.smhv.hu\/index.php?rest_route=\/wp\/v2\/pages"}],"about":[{"href":"https:\/\/www.smhv.hu\/index.php?rest_route=\/wp\/v2\/types\/page"}],"author":[{"embeddable":true,"href":"https:\/\/www.smhv.hu\/index.php?rest_route=\/wp\/v2\/users\/1"}],"replies":[{"embeddable":true,"href":"https:\/\/www.smhv.hu\/index.php?rest_route=%2Fwp%2Fv2%2Fcomments&post=1048"}],"version-history":[{"count":7,"href":"https:\/\/www.smhv.hu\/index.php?rest_route=\/wp\/v2\/pages\/1048\/revisions"}],"predecessor-version":[{"id":1132,"href":"https:\/\/www.smhv.hu\/index.php?rest_route=\/wp\/v2\/pages\/1048\/revisions\/1132"}],"wp:attachment":[{"href":"https:\/\/www.smhv.hu\/index.php?rest_route=%2Fwp%2Fv2%2Fmedia&parent=1048"}],"curies":[{"name":"wp","href":"https:\/\/api.w.org\/{rel}","templated":true}]}}