{"id":1022,"date":"2024-09-09T16:17:22","date_gmt":"2024-09-09T16:17:22","guid":{"rendered":"https:\/\/www.smhv.hu\/?page_id=1022"},"modified":"2024-09-10T15:13:18","modified_gmt":"2024-09-10T15:13:18","slug":"references","status":"publish","type":"page","link":"https:\/\/www.smhv.hu\/?page_id=1022&lang=en","title":{"rendered":"References"},"content":{"rendered":"<p>[et_pb_section fb_built=&#8221;1&#8243; module_class=&#8221;ref_section&#8221; _builder_version=&#8221;4.27.0&#8243; _module_preset=&#8221;default&#8221; background_image=&#8221;https:\/\/www.smhv.hu\/wp-content\/uploads\/2024\/07\/SMHV-HU_big_waves_2_rgb.svg&#8221; background_size=&#8221;custom&#8221; background_image_width=&#8221;110%&#8221; background_position=&#8221;top_left&#8221; background_horizontal_offset=&#8221;0%&#8221; background_vertical_offset=&#8221;0%&#8221; global_colors_info=&#8221;{}&#8221;][et_pb_row module_id=&#8221;accordionGroup&#8221; _builder_version=&#8221;4.27.0&#8243; _module_preset=&#8221;default&#8221; global_colors_info=&#8221;{}&#8221;][et_pb_column type=&#8221;4_4&#8243; _builder_version=&#8221;4.25.2&#8243; _module_preset=&#8221;default&#8221; global_colors_info=&#8221;{}&#8221;][et_pb_accordion open_toggle_text_color=&#8221;#0047e3&#8243; _builder_version=&#8221;4.27.0&#8243; _module_preset=&#8221;default&#8221; toggle_text_color=&#8221;#ffb81c&#8221; toggle_level=&#8221;h3&#8243; hover_enabled=&#8221;0&#8243; global_colors_info=&#8221;{}&#8221; sticky_enabled=&#8221;0&#8243;][et_pb_accordion_item open=&#8221;off&#8221; _builder_version=&#8221;4.27.0&#8243; _module_preset=&#8221;default&#8221; custom_css_free_form=&#8221;selector {||  display: none;||}&#8221; global_colors_info=&#8221;{}&#8221;][\/et_pb_accordion_item][et_pb_accordion_item title=&#8221;Design&#8221; _builder_version=&#8221;4.27.0&#8243; _module_preset=&#8221;default&#8221; hover_enabled=&#8221;0&#8243; global_colors_info=&#8221;{}&#8221; toggle_level=&#8221;h3&#8243; open=&#8221;on&#8221; sticky_enabled=&#8221;0&#8243;]<\/p>\n<h4>2024<\/h4>\n<ul>\n<li>Design of MV cable route for the Space Communication Station in Tali\u00e1nd\u00f6r\u00f6gd<\/li>\n<li>Standardisation of LV network due to the establishment of a low-voltage network, P\u00e9csv\u00e1rad<\/li>\n<li>Provision of electrical power supply for 9 plots in Sz\u00e1lka<\/li>\n<\/ul>\n<h4>2023<\/h4>\n<ul>\n<li>Standardisation of LV network due to the establishment of a low-voltage network, Balatonszabadi<\/li>\n<li>Standardisation of LV network due to the establishment of a low-voltage network, Koml\u00f3-City Centre<\/li>\n<li>Design of power supply for barrier status information boards and cameras in P\u00e9cs<\/li>\n<\/ul>\n<h4>2022<\/h4>\n<ul>\n<li>Standardisation of LV network due to the establishment of a low-voltage network, Keszthely<\/li>\n<li>Provision of electrical power supply for Kossuth Lajos Street under lot number 02\/9, Gy\u00f6re<\/li>\n<li>Standardisation of LV network due to the establishment of a low-voltage network, S\u00e1sd<\/li>\n<\/ul>\n<h4>2021<\/h4>\n<ul>\n<li>Design of a 236kVA solar micro-power plant for Csipet Land Kft.<\/li>\n<li>Design of a 460kVA solar micro-power plant for FF F\u00e9mfeldolgoz\u00f3 Zrt.<\/li>\n<li>Standardisation of LV network due to the establishment of a low-voltage network in Si\u00f3fok-S\u00f3st\u00f3<\/li>\n<li>Standardisation of LV network due to the establishment of a low-voltage network in Fony\u00f3d holiday area<\/li>\n<\/ul>\n<h4>2020<\/h4>\n<ul>\n<li>Standardisation of LV network due to the establishment of a low-voltage network, Dunaszekcs\u0151<\/li>\n<li>Standardisation of LV network due to the establishment of a new low-voltage network, Mesztegny\u0151<\/li>\n<li>Standardisation of LV network due to the establishment of a new low-voltage network, L\u00e1bod<\/li>\n<\/ul>\n<h4>2019<\/h4>\n<ul>\n<li>Design work related to MV-LV network for the construction of a 3x999kW and 1x499kW solar power plant, S\u00e1ntos<\/li>\n<li>Standardisation of LV network due to the establishment of a new low-voltage network, \u00c1cs<\/li>\n<li>Standardisation of LV network due to the establishment of a new low-voltage network, R\u00e9de<\/li>\n<\/ul>\n<p>[\/et_pb_accordion_item][et_pb_accordion_item title=&#8221;Electrical network installation&#8221; _builder_version=&#8221;4.27.0&#8243; _module_preset=&#8221;default&#8221; global_colors_info=&#8221;{}&#8221; open=&#8221;off&#8221;]<\/p>\n<h4>2023<\/h4>\n<ul>\n<li>Construction of a transformer station and branch line for Varga G\u00e1bor, K\u00e9t\u00fajfalu<\/li>\n<li>Construction of MV cable network in the outer area under lot number 0726\/09, Sikl\u00f3s<\/li>\n<li>Protection of MV cables at the cement plant in Kir\u00e1lyegyh\u00e1za<\/li>\n<\/ul>\n<h4>2022<\/h4>\n<ul>\n<li>Modernisation of lighting at H\u0151gy\u00e9szi Agrok\u00e9miai Kft<\/li>\n<li>Establishment of public lighting network at 48-as Square, Koml\u00f3<\/li>\n<li>Construction of electrical power supply for passenger information boards at the bus stop of the new market hall, P\u00e9cs<\/li>\n<\/ul>\n<h4>2021<\/h4>\n<ul>\n<li>Replacement of MV and establishment of public lighting network due to the construction of a new market hall, P\u00e9cs<\/li>\n<li>Replacement of 22kV overhead line between Industrial Park and Wastewater Treatment Plant, Paks<\/li>\n<li>Replacement of 0.4kV overhead network in Kossuth Street, Dunaf\u00f6ldv\u00e1r<\/li>\n<\/ul>\n<h4>2020<\/h4>\n<ul>\n<li>Establishment of electrical power supply for the new theoretical block of the Medical School, P\u00e9cs<\/li>\n<li>Replacement of 22kV overhead line in the Industrial Park, Bonyh\u00e1d<\/li>\n<li>Construction of the electrical power supply for the pig farm, K\u00e9t\u00fajfalu<\/li>\n<li>Electrical replacement and public lighting construction works in District XVII, Budapest and Isaszeg<\/li>\n<\/ul>\n<h4>2019<\/h4>\n<ul>\n<li>0.4kV replacement and establishment of public lighting network due to Roundabout No. 6535, Bonyh\u00e1d<\/li>\n<li>Installation of a transformer station at the Southern Industrial Park in P\u00e9cs<\/li>\n<li>Provision of additional energy for property under lot number 162 0317\/41, Marispuszta, Kiskunmajsa<\/li>\n<\/ul>\n<p>[\/et_pb_accordion_item][et_pb_accordion_item title=&#8221;Solar power plant construction&#8221; _builder_version=&#8221;4.27.0&#8243; _module_preset=&#8221;default&#8221; global_colors_info=&#8221;{}&#8221; open=&#8221;off&#8221;]<\/p>\n<h4>2023<\/h4>\n<ul>\n<li>Establishment of MV cable network for the 50MW solar power plant, Mez\u0151cs\u00e1t<\/li>\n<li>Establishment of MV cable network for the 500kW solar power plant, Sikl\u00f3s<\/li>\n<li>Construction of LV network, LV security network and equalization network for the 50MW solar power plant in Kir\u00e1lyegyh\u00e1za<\/li>\n<\/ul>\n<h4>2022<\/h4>\n<ul>\n<li>Establishment of MV cable network for the 50MW solar power plant, T\u00farkeve<\/li>\n<li>Connection of AC cable for the Gersekar\u00e1t solar power plant<\/li>\n<\/ul>\n<h4>2021<\/h4>\n<ul>\n<li>Establishment of MV cable network for the 50MW solar power plant, Tiszap\u00fcsp\u00f6ki<\/li>\n<\/ul>\n<h4>2019<\/h4>\n<ul>\n<li>Design and construction of a 500kW solar power plant connection to the public network, in lot number 075\/9, Szentd\u00e9nes<\/li>\n<\/ul>\n<p>[\/et_pb_accordion_item][et_pb_accordion_item title=&#8221;Public lighting modernisation&#8221; _builder_version=&#8221;4.27.0&#8243; _module_preset=&#8221;default&#8221; global_colors_info=&#8221;{}&#8221; open=&#8221;off&#8221;]<\/p>\n<h4>2024<\/h4>\n<ul>\n<li>Expansion of public lighting network in Postav\u00f6lgyi Road, P\u00e9cs<\/li>\n<li>Establishment of public lighting network in D\u00edjasnyereg Street, P\u00e9cs<\/li>\n<li>Connection of public and decorative lighting for the Zsolnay Light Festival, P\u00e9cs<\/li>\n<\/ul>\n<h4>2023<\/h4>\n<ul>\n<li>Expansion of public lighting network on Radn\u00f3ti Street and Szigligeti Street, Domb\u00f3v\u00e1r<\/li>\n<li>Improvement and installation of additional light fixtures at the pedestrian crossings at the intersection of Szabads\u00e1g Road and Main Road No. 6, Nagy Lajos Kir\u00e1ly Road, P\u00e9cs<\/li>\n<li>Installation and removal of Christmas decorative lights in Kesz\u00fc<\/li>\n<\/ul>\n<h4>2022<\/h4>\n<ul>\n<li>Installation of zebra crossing lights at 20 pedestrian crossings in P\u00e9cs<\/li>\n<li>Expansion of public lighting due to the establishment of a pedestrian crossing near the LIDL store in K\u00f3rh\u00e1z Street, Domb\u00f3v\u00e1r<\/li>\n<\/ul>\n<h4>2021<\/h4>\n<ul>\n<li>Installation and removal of 69 Christmas decorative lights in Domb\u00f3v\u00e1r<\/li>\n<li>Expansion of public lighting at the entrance of the cemetery in Domb\u00f3v\u00e1r<\/li>\n<\/ul>\n<h4>2020<\/h4>\n<ul>\n<li>Development of public lighting at the intersection of Mal\u00e9ter P\u00e1l Street and Krisztina Square, P\u00e9cs<\/li>\n<\/ul>\n<h4>2019<\/h4>\n<ul>\n<li>Expansion of public lighting network around properties registered under lot numbers 3537\/2, 3537\/1, 3536\/3, 3531\/2 near the bypass road, Sikl\u00f3s<\/li>\n<\/ul>\n<p>[\/et_pb_accordion_item][\/et_pb_accordion][\/et_pb_column][\/et_pb_row][\/et_pb_section]<\/p>\n","protected":false},"excerpt":{"rendered":"<p>2024 Design of MV cable route for the Space Communication Station in Tali\u00e1nd\u00f6r\u00f6gd Standardisation of LV network due to the establishment of a low-voltage network, P\u00e9csv\u00e1rad Provision of electrical power supply for 9 plots in Sz\u00e1lka 2023 Standardisation of LV network due to the establishment of a low-voltage network, Balatonszabadi Standardisation of LV network due [&hellip;]<\/p>\n","protected":false},"author":1,"featured_media":0,"parent":0,"menu_order":0,"comment_status":"closed","ping_status":"closed","template":"","meta":{"_et_pb_use_builder":"on","_et_pb_old_content":"","_et_gb_content_width":"","footnotes":""},"class_list":["post-1022","page","type-page","status-publish","hentry"],"_links":{"self":[{"href":"https:\/\/www.smhv.hu\/index.php?rest_route=\/wp\/v2\/pages\/1022","targetHints":{"allow":["GET"]}}],"collection":[{"href":"https:\/\/www.smhv.hu\/index.php?rest_route=\/wp\/v2\/pages"}],"about":[{"href":"https:\/\/www.smhv.hu\/index.php?rest_route=\/wp\/v2\/types\/page"}],"author":[{"embeddable":true,"href":"https:\/\/www.smhv.hu\/index.php?rest_route=\/wp\/v2\/users\/1"}],"replies":[{"embeddable":true,"href":"https:\/\/www.smhv.hu\/index.php?rest_route=%2Fwp%2Fv2%2Fcomments&post=1022"}],"version-history":[{"count":7,"href":"https:\/\/www.smhv.hu\/index.php?rest_route=\/wp\/v2\/pages\/1022\/revisions"}],"predecessor-version":[{"id":1097,"href":"https:\/\/www.smhv.hu\/index.php?rest_route=\/wp\/v2\/pages\/1022\/revisions\/1097"}],"wp:attachment":[{"href":"https:\/\/www.smhv.hu\/index.php?rest_route=%2Fwp%2Fv2%2Fmedia&parent=1022"}],"curies":[{"name":"wp","href":"https:\/\/api.w.org\/{rel}","templated":true}]}}